{"id":1646,"date":"2018-04-10T17:12:36","date_gmt":"2018-04-10T20:12:36","guid":{"rendered":"http:\/\/www.profiautos.com.br\/novosite\/?post_type=product&#038;p=1646"},"modified":"2020-08-18T15:13:44","modified_gmt":"2020-08-18T18:13:44","slug":"jogo-de-macho-com-vira-macho-com-8-pecas","status":"publish","type":"product","link":"https:\/\/www.profiautos.com.br\/novosite\/produto\/jogo-de-macho-com-vira-macho-com-8-pecas\/","title":{"rendered":"JOGO DE MACHO COM VIRA MACHO COM 8 PE\u00c7AS"},"content":{"rendered":"<p>PARA INFORMA\u00c7\u00d5ES DE VALORES , (85) 9 8732-1854 OU (85) 3034-1103<\/p>\n<p>Jogo de machos com vira macho com 8 pe\u00e7as<\/p>\n<p>Conte\u00fado:<\/p>\n<p>07 machos nas seguintes medidas: 3&#215;0.5, 4&#215;0.7, 5&#215;0.8, 6&#215;1.0, 8&#215;1.25, 10&#215;1.5, 12&#215;1.75.<br \/>\n01 vira macho M3-M12 &#8211; 1\/16&#8243; &#8211; 1\/2&#8243;.<br \/>\nComposi\u00e7\u00e3o: A\u00e7o GCR15<\/p>\n","protected":false},"excerpt":{"rendered":"<p>PARA INFORMA\u00c7\u00d5ES DE VALORES , (85) 9 8732-1854 OU (85) 3034-1103 Jogo de machos com vira macho com 8 pe\u00e7as Conte\u00fado: 07 machos nas seguintes medidas: 3&#215;0.5, 4&#215;0.7, 5&#215;0.8, 6&#215;1.0, 8&#215;1.25, 10&#215;1.5, 12&#215;1.75. 01 vira macho M3-M12 &#8211; 1\/16&#8243; &#8211; 1\/2&#8243;. Composi\u00e7\u00e3o: A\u00e7o GCR15<\/p>\n","protected":false},"featured_media":1647,"template":"","meta":{"_exactmetrics_skip_tracking":false,"_exactmetrics_sitenote_active":false,"_exactmetrics_sitenote_note":"","_exactmetrics_sitenote_category":0},"product_cat":[25],"product_tag":[],"class_list":{"0":"post-1646","1":"product","2":"type-product","3":"status-publish","4":"has-post-thumbnail","6":"product_cat-especiais","8":"first","9":"instock","10":"taxable","11":"shipping-taxable","12":"product-type-simple"},"_links":{"self":[{"href":"https:\/\/www.profiautos.com.br\/novosite\/wp-json\/wp\/v2\/product\/1646"}],"collection":[{"href":"https:\/\/www.profiautos.com.br\/novosite\/wp-json\/wp\/v2\/product"}],"about":[{"href":"https:\/\/www.profiautos.com.br\/novosite\/wp-json\/wp\/v2\/types\/product"}],"wp:featuredmedia":[{"embeddable":true,"href":"https:\/\/www.profiautos.com.br\/novosite\/wp-json\/wp\/v2\/media\/1647"}],"wp:attachment":[{"href":"https:\/\/www.profiautos.com.br\/novosite\/wp-json\/wp\/v2\/media?parent=1646"}],"wp:term":[{"taxonomy":"product_cat","embeddable":true,"href":"https:\/\/www.profiautos.com.br\/novosite\/wp-json\/wp\/v2\/product_cat?post=1646"},{"taxonomy":"product_tag","embeddable":true,"href":"https:\/\/www.profiautos.com.br\/novosite\/wp-json\/wp\/v2\/product_tag?post=1646"}],"curies":[{"name":"wp","href":"https:\/\/api.w.org\/{rel}","templated":true}]}}