{"id":1642,"date":"2018-04-10T17:06:06","date_gmt":"2018-04-10T20:06:06","guid":{"rendered":"http:\/\/www.profiautos.com.br\/novosite\/?post_type=product&#038;p=1642"},"modified":"2020-08-18T15:03:58","modified_gmt":"2020-08-18T18:03:58","slug":"mini-macaco-jacare-2-tonelada","status":"publish","type":"product","link":"https:\/\/www.profiautos.com.br\/novosite\/produto\/mini-macaco-jacare-2-tonelada\/","title":{"rendered":"MINI MACACO JACAR\u00c9 2 TONELADA"},"content":{"rendered":"<p>PARA INFORMA\u00c7\u00d5ES DE VALORES , (85) 9 8732-1854 OU (85) 3034-1103<\/p>\n<p>Mini Macaco Jacar\u00e9 Hidr\u00e1ulico 2 Toneladas com Maleta Jacarezinho<\/p>\n<p>Macaco automotivo hidr\u00e1ulico com compatibilidade universal e suporte para at\u00e9 2000 kg<br \/>\nItem indispens\u00e1vel e de porte obrigat\u00f3rio dentro do autom\u00f3vel<br \/>\nDesnecess\u00e1rio o esfor\u00e7o, uma vez que o hidr\u00e1ulico ameniza tudo<br \/>\nCuidados:<\/p>\n<p>O ve\u00edculo n\u00e3o deve estar inclinado para utiliza\u00e7\u00e3o do macaco<br \/>\nVerifique se o ponto de apoio para o macaco resiste ao peso que ele sustentar\u00e1<br \/>\nMantenha seu macaco em boa condi\u00e7\u00f5es, ele \u00e9 um equipamento de seguran\u00e7a.<br \/>\nSe pretender entrar sob o ve\u00edculo, coloque o mesmo sobre cavaletes<br \/>\nOutras informa\u00e7\u00f5es contidas no manual, dentro do estojo.<\/p>\n<p>Especifica\u00e7\u00f5es:<\/p>\n<p>Altura Minima 140 MM<br \/>\nAltura M\u00e1xima 320 MM<br \/>\nPeso bruto: 9,200 Kg<br \/>\nMedidas macaco: 12,00 x 42,00 x 19,00cm (A x C x P)<br \/>\nProduto Importado<br \/>\nCompat\u00edvel com:<\/p>\n<p>Todos os ve\u00edculos de passeio e utilit\u00e1rios leves<\/p>\n<p>Conte\u00fado da Embalagem:<br \/>\n1 Macaco Jacar\u00e9<br \/>\n1 Manual<br \/>\n1 Manivela<br \/>\n1 Estojo<\/p>\n","protected":false},"excerpt":{"rendered":"<p>PARA INFORMA\u00c7\u00d5ES DE VALORES , (85) 9 8732-1854 OU (85) 3034-1103 Mini Macaco Jacar\u00e9 Hidr\u00e1ulico 2 Toneladas com Maleta Jacarezinho Macaco automotivo hidr\u00e1ulico com compatibilidade universal e suporte para at\u00e9 2000 kg Item indispens\u00e1vel e de porte obrigat\u00f3rio dentro do autom\u00f3vel Desnecess\u00e1rio o esfor\u00e7o, uma vez que o hidr\u00e1ulico ameniza tudo Cuidados: O ve\u00edculo n\u00e3o [&hellip;]<\/p>\n","protected":false},"featured_media":1643,"template":"","meta":{"_exactmetrics_skip_tracking":false,"_exactmetrics_sitenote_active":false,"_exactmetrics_sitenote_note":"","_exactmetrics_sitenote_category":0},"product_cat":[19],"product_tag":[],"class_list":{"0":"post-1642","1":"product","2":"type-product","3":"status-publish","4":"has-post-thumbnail","6":"product_cat-equipamentos-para-oficina","8":"first","9":"instock","10":"taxable","11":"shipping-taxable","12":"product-type-simple"},"_links":{"self":[{"href":"https:\/\/www.profiautos.com.br\/novosite\/wp-json\/wp\/v2\/product\/1642"}],"collection":[{"href":"https:\/\/www.profiautos.com.br\/novosite\/wp-json\/wp\/v2\/product"}],"about":[{"href":"https:\/\/www.profiautos.com.br\/novosite\/wp-json\/wp\/v2\/types\/product"}],"wp:featuredmedia":[{"embeddable":true,"href":"https:\/\/www.profiautos.com.br\/novosite\/wp-json\/wp\/v2\/media\/1643"}],"wp:attachment":[{"href":"https:\/\/www.profiautos.com.br\/novosite\/wp-json\/wp\/v2\/media?parent=1642"}],"wp:term":[{"taxonomy":"product_cat","embeddable":true,"href":"https:\/\/www.profiautos.com.br\/novosite\/wp-json\/wp\/v2\/product_cat?post=1642"},{"taxonomy":"product_tag","embeddable":true,"href":"https:\/\/www.profiautos.com.br\/novosite\/wp-json\/wp\/v2\/product_tag?post=1642"}],"curies":[{"name":"wp","href":"https:\/\/api.w.org\/{rel}","templated":true}]}}