{"id":1627,"date":"2018-04-06T11:37:19","date_gmt":"2018-04-06T14:37:19","guid":{"rendered":"http:\/\/www.profiautos.com.br\/novosite\/?post_type=product&#038;p=1627"},"modified":"2021-07-08T10:12:24","modified_gmt":"2021-07-08T13:12:24","slug":"kit-martelinho-de-ouro-maleta","status":"publish","type":"product","link":"https:\/\/www.profiautos.com.br\/novosite\/produto\/kit-martelinho-de-ouro-maleta\/","title":{"rendered":"KIT MARTELINHO DE OURO &#8211; MALETA"},"content":{"rendered":"<div>&#8211; Com maleta de alum\u00ednio<\/div>\n<div>&#8211; Repuxa sem necessidade de pintura<\/div>\n<div>&#8211; O Mini Kit Martelinho de Ouro da V8 Brasil, apresenta ferramentas cuja finalidade \u00e9 a de facilitar a elimina\u00e7\u00e3o de defeitos, amassados em latarias sem a necessidade de retoques, mantendo a originalidade da pintura.<\/div>\n<div><\/div>\n<div><strong>VANTAGENS<\/strong><\/div>\n<div><\/div>\n<div>&#8211; N\u00e3o \u00e9 necess\u00e1rio retirar o verniz intacto<\/div>\n<div>&#8211; N\u00e3o \u00e9 necess\u00e1rio retirar o revestimento interno<\/div>\n<div>&#8211; N\u00e3o \u00e9 necess\u00e1rio separar a conex\u00e3o da bateria do autom\u00f3vel<\/div>\n<div>&#8211; Nenhuma queimadura existir\u00e1 no lado de tr\u00e1s da chapa<\/div>\n<div>&#8211; O reduzido desenvolvimento de calor possibilita tamb\u00e9m o trabalho em pe\u00e7as de constru\u00e7\u00e3o cr\u00edticas (ex.: tanques de motocicletas, etc.)<\/div>\n<div>&#8211; Servi\u00e7o mais econ\u00f4mico que a funilaria tradicional<\/div>\n<div>&#8211; Servi\u00e7o de qualidade, pois preserva a originalidade do veiculo<\/div>\n<div>&#8211; Rapidez do servi\u00e7o executado<\/div>\n","protected":false},"excerpt":{"rendered":"<p>&#8211; Com maleta de alum\u00ednio &#8211; Repuxa sem necessidade de pintura &#8211; O Mini Kit Martelinho de Ouro da V8 Brasil, apresenta ferramentas cuja finalidade \u00e9 a de facilitar a elimina\u00e7\u00e3o de defeitos, amassados em latarias sem a necessidade de retoques, mantendo a originalidade da pintura. VANTAGENS &#8211; N\u00e3o \u00e9 necess\u00e1rio retirar o verniz intacto [&hellip;]<\/p>\n","protected":false},"featured_media":1628,"template":"","meta":{"_exactmetrics_skip_tracking":false,"_exactmetrics_sitenote_active":false,"_exactmetrics_sitenote_note":"","_exactmetrics_sitenote_category":0},"product_cat":[48],"product_tag":[],"class_list":{"0":"post-1627","1":"product","2":"type-product","3":"status-publish","4":"has-post-thumbnail","6":"product_cat-martelinho-de-ouro","8":"first","9":"instock","10":"taxable","11":"shipping-taxable","12":"product-type-simple"},"_links":{"self":[{"href":"https:\/\/www.profiautos.com.br\/novosite\/wp-json\/wp\/v2\/product\/1627"}],"collection":[{"href":"https:\/\/www.profiautos.com.br\/novosite\/wp-json\/wp\/v2\/product"}],"about":[{"href":"https:\/\/www.profiautos.com.br\/novosite\/wp-json\/wp\/v2\/types\/product"}],"wp:featuredmedia":[{"embeddable":true,"href":"https:\/\/www.profiautos.com.br\/novosite\/wp-json\/wp\/v2\/media\/1628"}],"wp:attachment":[{"href":"https:\/\/www.profiautos.com.br\/novosite\/wp-json\/wp\/v2\/media?parent=1627"}],"wp:term":[{"taxonomy":"product_cat","embeddable":true,"href":"https:\/\/www.profiautos.com.br\/novosite\/wp-json\/wp\/v2\/product_cat?post=1627"},{"taxonomy":"product_tag","embeddable":true,"href":"https:\/\/www.profiautos.com.br\/novosite\/wp-json\/wp\/v2\/product_tag?post=1627"}],"curies":[{"name":"wp","href":"https:\/\/api.w.org\/{rel}","templated":true}]}}