{"id":1625,"date":"2018-04-06T11:24:34","date_gmt":"2018-04-06T14:24:34","guid":{"rendered":"http:\/\/www.profiautos.com.br\/novosite\/?post_type=product&#038;p=1625"},"modified":"2021-07-08T10:12:29","modified_gmt":"2021-07-08T13:12:29","slug":"kit-air-schulz","status":"publish","type":"product","link":"https:\/\/www.profiautos.com.br\/novosite\/produto\/kit-air-schulz\/","title":{"rendered":"KIT AIR SCHULZ"},"content":{"rendered":"<p>\u2022 Kit Ar para Compressor<br \/>\n\u2022\u00a0Ideal para pinturas diversas, limpeza e pulveriza\u00e7\u00e3o de motores em autos, motos e outros equipamentos, para inflar pneus, como tamb\u00e9m piscinas, barcos infl\u00e1veis e bal\u00f5es de anivers\u00e1rio, assim como no servi\u00e7o de manuten\u00e7\u00e3o, em ateli\u00eas de artesanato, em pequenas oficinas, no uso dom\u00e9stico e lazer<br \/>\n\u2022 \u00c9 necess\u00e1rio a utiliza\u00e7\u00e3o de compressor de ar<br \/>\n\u2022\u00a0Acess\u00f3rios conect\u00e1veis ao compressor atrav\u00e9s da mangueira, dispensando o uso de ferramentas especiais<br \/>\n\u2022\u00a0<strong>Cont\u00e9m 5 pe\u00e7as:<br \/>\n&#8211;\u00a0<\/strong>1 Pistola para pintura<br \/>\n&#8211;\u00a01 Pistola para pulveriza\u00e7\u00e3o<br \/>\n&#8211;\u00a01 Pistola para limpeza<br \/>\n&#8211; 1 Calibrador de pneus com man\u00f4metro<br \/>\n&#8211; 1 mangueira<\/p>\n<p>\u2022 Aplica\u00e7\u00f5es:<br \/>\n&#8211;\u00a0Bal\u00f5es, bolas, colch\u00f5es de ar, botes e m\u00f3biles infl\u00e1veis<strong><br \/>\n<\/strong>&#8211;\u00a0Encher e calibrar pneus de bicicletas, motos e carros<br \/>\n&#8211;\u00a0Pintar e eternizar m\u00f3veis e artigos em geral<br \/>\n&#8211;\u00a0Pequenos servi\u00e7os de lanternagem e pintura em ve\u00edculos<br \/>\n&#8211;\u00a0Pulverizar motores<br \/>\n&#8211;\u00a0Limpeza de superf\u00edcies, equipamentos e pain\u00e9is<\/p>\n","protected":false},"excerpt":{"rendered":"<p>\u2022 Kit Ar para Compressor \u2022\u00a0Ideal para pinturas diversas, limpeza e pulveriza\u00e7\u00e3o de motores em autos, motos e outros equipamentos, para inflar pneus, como tamb\u00e9m piscinas, barcos infl\u00e1veis e bal\u00f5es de anivers\u00e1rio, assim como no servi\u00e7o de manuten\u00e7\u00e3o, em ateli\u00eas de artesanato, em pequenas oficinas, no uso dom\u00e9stico e lazer \u2022 \u00c9 necess\u00e1rio a utiliza\u00e7\u00e3o [&hellip;]<\/p>\n","protected":false},"featured_media":1626,"template":"","meta":{"_exactmetrics_skip_tracking":false,"_exactmetrics_sitenote_active":false,"_exactmetrics_sitenote_note":"","_exactmetrics_sitenote_category":0},"product_cat":[50],"product_tag":[],"class_list":{"0":"post-1625","1":"product","2":"type-product","3":"status-publish","4":"has-post-thumbnail","6":"product_cat-pintura","8":"first","9":"instock","10":"taxable","11":"shipping-taxable","12":"product-type-simple"},"_links":{"self":[{"href":"https:\/\/www.profiautos.com.br\/novosite\/wp-json\/wp\/v2\/product\/1625"}],"collection":[{"href":"https:\/\/www.profiautos.com.br\/novosite\/wp-json\/wp\/v2\/product"}],"about":[{"href":"https:\/\/www.profiautos.com.br\/novosite\/wp-json\/wp\/v2\/types\/product"}],"wp:featuredmedia":[{"embeddable":true,"href":"https:\/\/www.profiautos.com.br\/novosite\/wp-json\/wp\/v2\/media\/1626"}],"wp:attachment":[{"href":"https:\/\/www.profiautos.com.br\/novosite\/wp-json\/wp\/v2\/media?parent=1625"}],"wp:term":[{"taxonomy":"product_cat","embeddable":true,"href":"https:\/\/www.profiautos.com.br\/novosite\/wp-json\/wp\/v2\/product_cat?post=1625"},{"taxonomy":"product_tag","embeddable":true,"href":"https:\/\/www.profiautos.com.br\/novosite\/wp-json\/wp\/v2\/product_tag?post=1625"}],"curies":[{"name":"wp","href":"https:\/\/api.w.org\/{rel}","templated":true}]}}