{"id":1614,"date":"2018-04-03T08:56:55","date_gmt":"2018-04-03T11:56:55","guid":{"rendered":"http:\/\/www.profiautos.com.br\/novosite\/?post_type=product&#038;p=1614"},"modified":"2021-07-08T10:12:39","modified_gmt":"2021-07-08T13:12:39","slug":"lubrificantes-para-compressores-de-ar","status":"publish","type":"product","link":"https:\/\/www.profiautos.com.br\/novosite\/produto\/lubrificantes-para-compressores-de-ar\/","title":{"rendered":"LUBRIFICANTES PARA COMPRESSORES DE AR"},"content":{"rendered":"<p>\u2022 \u00d3leo lubrificante<br \/>\n\u2022 Desenvolvido para compressores de ar alternativos de pist\u00e3o<br \/>\n\u2022 Proporciona maior prote\u00e7\u00e3o<br \/>\n\u2022 Composi\u00e7\u00e3o:<br \/>\n&#8211; \u00d3leo mineral derivado do petr\u00f3leo e corante<br \/>\n\u2022 Conte\u00fado: 1 Litro<\/p>\n","protected":false},"excerpt":{"rendered":"<p>\u2022 \u00d3leo lubrificante \u2022 Desenvolvido para compressores de ar alternativos de pist\u00e3o \u2022 Proporciona maior prote\u00e7\u00e3o \u2022 Composi\u00e7\u00e3o: &#8211; \u00d3leo mineral derivado do petr\u00f3leo e corante \u2022 Conte\u00fado: 1 Litro<\/p>\n","protected":false},"featured_media":1615,"template":"","meta":{"_exactmetrics_skip_tracking":false,"_exactmetrics_sitenote_active":false,"_exactmetrics_sitenote_note":"","_exactmetrics_sitenote_category":0},"product_cat":[27],"product_tag":[],"class_list":{"0":"post-1614","1":"product","2":"type-product","3":"status-publish","4":"has-post-thumbnail","6":"product_cat-oleo","8":"first","9":"instock","10":"taxable","11":"shipping-taxable","12":"product-type-simple"},"_links":{"self":[{"href":"https:\/\/www.profiautos.com.br\/novosite\/wp-json\/wp\/v2\/product\/1614"}],"collection":[{"href":"https:\/\/www.profiautos.com.br\/novosite\/wp-json\/wp\/v2\/product"}],"about":[{"href":"https:\/\/www.profiautos.com.br\/novosite\/wp-json\/wp\/v2\/types\/product"}],"wp:featuredmedia":[{"embeddable":true,"href":"https:\/\/www.profiautos.com.br\/novosite\/wp-json\/wp\/v2\/media\/1615"}],"wp:attachment":[{"href":"https:\/\/www.profiautos.com.br\/novosite\/wp-json\/wp\/v2\/media?parent=1614"}],"wp:term":[{"taxonomy":"product_cat","embeddable":true,"href":"https:\/\/www.profiautos.com.br\/novosite\/wp-json\/wp\/v2\/product_cat?post=1614"},{"taxonomy":"product_tag","embeddable":true,"href":"https:\/\/www.profiautos.com.br\/novosite\/wp-json\/wp\/v2\/product_tag?post=1614"}],"curies":[{"name":"wp","href":"https:\/\/api.w.org\/{rel}","templated":true}]}}