{"id":1591,"date":"2018-04-02T12:58:16","date_gmt":"2018-04-02T15:58:16","guid":{"rendered":"http:\/\/www.profiautos.com.br\/novosite\/?post_type=product&#038;p=1591"},"modified":"2021-07-08T10:20:53","modified_gmt":"2021-07-08T13:20:53","slug":"carregador-de-bateria-v8-brasil","status":"publish","type":"product","link":"https:\/\/www.profiautos.com.br\/novosite\/produto\/carregador-de-bateria-v8-brasil\/","title":{"rendered":"CARREGADOR DE BATERIA -V8 BRASIL"},"content":{"rendered":"<p>&#8211; Profissional<br \/>\n&#8211; Equipamento pr\u00e1tico e leve, f\u00e1cil de manusear<br \/>\n&#8211; Equipado com auxiliar de partida<br \/>\n&#8211; Possui rodas e al\u00e7a que facilitam o transporte<br \/>\n&#8211; Corrente m\u00e1xima de carga: 50 A<br \/>\n&#8211; Tens\u00e3o: 110V\/220V (Bivolt) .<\/p>\n","protected":false},"excerpt":{"rendered":"<p>&#8211; Profissional &#8211; Equipamento pr\u00e1tico e leve, f\u00e1cil de manusear &#8211; Equipado com auxiliar de partida &#8211; Possui rodas e al\u00e7a que facilitam o transporte &#8211; Corrente m\u00e1xima de carga: 50 A &#8211; Tens\u00e3o: 110V\/220V (Bivolt) .<\/p>\n","protected":false},"featured_media":1585,"template":"","meta":{"_exactmetrics_skip_tracking":false,"_exactmetrics_sitenote_active":false,"_exactmetrics_sitenote_note":"","_exactmetrics_sitenote_category":0},"product_cat":[21],"product_tag":[],"class_list":{"0":"post-1591","1":"product","2":"type-product","3":"status-publish","4":"has-post-thumbnail","6":"product_cat-injecao-eletronica","8":"first","9":"instock","10":"taxable","11":"shipping-taxable","12":"product-type-simple"},"_links":{"self":[{"href":"https:\/\/www.profiautos.com.br\/novosite\/wp-json\/wp\/v2\/product\/1591"}],"collection":[{"href":"https:\/\/www.profiautos.com.br\/novosite\/wp-json\/wp\/v2\/product"}],"about":[{"href":"https:\/\/www.profiautos.com.br\/novosite\/wp-json\/wp\/v2\/types\/product"}],"wp:featuredmedia":[{"embeddable":true,"href":"https:\/\/www.profiautos.com.br\/novosite\/wp-json\/wp\/v2\/media\/1585"}],"wp:attachment":[{"href":"https:\/\/www.profiautos.com.br\/novosite\/wp-json\/wp\/v2\/media?parent=1591"}],"wp:term":[{"taxonomy":"product_cat","embeddable":true,"href":"https:\/\/www.profiautos.com.br\/novosite\/wp-json\/wp\/v2\/product_cat?post=1591"},{"taxonomy":"product_tag","embeddable":true,"href":"https:\/\/www.profiautos.com.br\/novosite\/wp-json\/wp\/v2\/product_tag?post=1591"}],"curies":[{"name":"wp","href":"https:\/\/api.w.org\/{rel}","templated":true}]}}