{"id":1577,"date":"2018-03-31T09:45:37","date_gmt":"2018-03-31T12:45:37","guid":{"rendered":"http:\/\/www.profiautos.com.br\/novosite\/?post_type=product&#038;p=1577"},"modified":"2020-08-18T11:36:20","modified_gmt":"2020-08-18T14:36:20","slug":"prensa-hidraulica","status":"publish","type":"product","link":"https:\/\/www.profiautos.com.br\/novosite\/produto\/prensa-hidraulica\/","title":{"rendered":"PRENSA HIDR\u00c1ULICA"},"content":{"rendered":"<p>PARA INFORMA\u00c7\u00d5ES DE VALORES , (85) 9 8732-1854 OU (85) 3034-1103<\/p>\n<p>&nbsp;<\/p>\n<p>Capacidade: 15 toneladas;<br \/>\nAltura total: 1380mm;<br \/>\nLargura: 600mm;<br \/>\nLargura entre colunas: 470mm;<br \/>\nCurso do pist\u00e3o: 125mm;<br \/>\nDist\u00e2ncia m\u00ednima: 60mm;<\/p>\n","protected":false},"excerpt":{"rendered":"<p>PARA INFORMA\u00c7\u00d5ES DE VALORES , (85) 9 8732-1854 OU (85) 3034-1103 &nbsp; Capacidade: 15 toneladas; Altura total: 1380mm; Largura: 600mm; Largura entre colunas: 470mm; Curso do pist\u00e3o: 125mm; Dist\u00e2ncia m\u00ednima: 60mm;<\/p>\n","protected":false},"featured_media":1578,"template":"","meta":{"_exactmetrics_skip_tracking":false,"_exactmetrics_sitenote_active":false,"_exactmetrics_sitenote_note":"","_exactmetrics_sitenote_category":0},"product_cat":[16],"product_tag":[],"class_list":{"0":"post-1577","1":"product","2":"type-product","3":"status-publish","4":"has-post-thumbnail","6":"product_cat-alinhamento-e-balanceamento","8":"first","9":"instock","10":"taxable","11":"shipping-taxable","12":"product-type-simple"},"_links":{"self":[{"href":"https:\/\/www.profiautos.com.br\/novosite\/wp-json\/wp\/v2\/product\/1577"}],"collection":[{"href":"https:\/\/www.profiautos.com.br\/novosite\/wp-json\/wp\/v2\/product"}],"about":[{"href":"https:\/\/www.profiautos.com.br\/novosite\/wp-json\/wp\/v2\/types\/product"}],"wp:featuredmedia":[{"embeddable":true,"href":"https:\/\/www.profiautos.com.br\/novosite\/wp-json\/wp\/v2\/media\/1578"}],"wp:attachment":[{"href":"https:\/\/www.profiautos.com.br\/novosite\/wp-json\/wp\/v2\/media?parent=1577"}],"wp:term":[{"taxonomy":"product_cat","embeddable":true,"href":"https:\/\/www.profiautos.com.br\/novosite\/wp-json\/wp\/v2\/product_cat?post=1577"},{"taxonomy":"product_tag","embeddable":true,"href":"https:\/\/www.profiautos.com.br\/novosite\/wp-json\/wp\/v2\/product_tag?post=1577"}],"curies":[{"name":"wp","href":"https:\/\/api.w.org\/{rel}","templated":true}]}}