{"id":1569,"date":"2018-03-31T08:13:30","date_gmt":"2018-03-31T11:13:30","guid":{"rendered":"http:\/\/www.profiautos.com.br\/novosite\/?post_type=product&#038;p=1569"},"modified":"2020-08-18T13:13:38","modified_gmt":"2020-08-18T16:13:38","slug":"cimento-vulcanizante","status":"publish","type":"product","link":"https:\/\/www.profiautos.com.br\/novosite\/produto\/cimento-vulcanizante\/","title":{"rendered":"CIMENTO VULCANIZANTE"},"content":{"rendered":"<p>PARA INFORMA\u00c7\u00d5ES DE VALORES , (85) 9 8732-1854 OU (85) 3034-1103<\/p>\n<p>O Cimento FV-A \u00e9 para uso exclusivo na aplica\u00e7\u00e3o de manch\u00f5es com a tecnologia de vulcaniza\u00e7\u00e3o a frio.<br \/>\nSua pigmenta\u00e7\u00e3o na cor azul facilita a visualiza\u00e7\u00e3o do local a ser reparado.<\/p>\n","protected":false},"excerpt":{"rendered":"<p>PARA INFORMA\u00c7\u00d5ES DE VALORES , (85) 9 8732-1854 OU (85) 3034-1103 O Cimento FV-A \u00e9 para uso exclusivo na aplica\u00e7\u00e3o de manch\u00f5es com a tecnologia de vulcaniza\u00e7\u00e3o a frio. Sua pigmenta\u00e7\u00e3o na cor azul facilita a visualiza\u00e7\u00e3o do local a ser reparado.<\/p>\n","protected":false},"featured_media":1570,"template":"","meta":{"_exactmetrics_skip_tracking":false,"_exactmetrics_sitenote_active":false,"_exactmetrics_sitenote_note":"","_exactmetrics_sitenote_category":0},"product_cat":[17],"product_tag":[],"class_list":{"0":"post-1569","1":"product","2":"type-product","3":"status-publish","4":"has-post-thumbnail","6":"product_cat-borracharia","8":"first","9":"instock","10":"taxable","11":"shipping-taxable","12":"product-type-simple"},"_links":{"self":[{"href":"https:\/\/www.profiautos.com.br\/novosite\/wp-json\/wp\/v2\/product\/1569"}],"collection":[{"href":"https:\/\/www.profiautos.com.br\/novosite\/wp-json\/wp\/v2\/product"}],"about":[{"href":"https:\/\/www.profiautos.com.br\/novosite\/wp-json\/wp\/v2\/types\/product"}],"wp:featuredmedia":[{"embeddable":true,"href":"https:\/\/www.profiautos.com.br\/novosite\/wp-json\/wp\/v2\/media\/1570"}],"wp:attachment":[{"href":"https:\/\/www.profiautos.com.br\/novosite\/wp-json\/wp\/v2\/media?parent=1569"}],"wp:term":[{"taxonomy":"product_cat","embeddable":true,"href":"https:\/\/www.profiautos.com.br\/novosite\/wp-json\/wp\/v2\/product_cat?post=1569"},{"taxonomy":"product_tag","embeddable":true,"href":"https:\/\/www.profiautos.com.br\/novosite\/wp-json\/wp\/v2\/product_tag?post=1569"}],"curies":[{"name":"wp","href":"https:\/\/api.w.org\/{rel}","templated":true}]}}