{"id":1553,"date":"2018-03-29T15:11:58","date_gmt":"2018-03-29T18:11:58","guid":{"rendered":"http:\/\/www.profiautos.com.br\/novosite\/?post_type=product&#038;p=1553"},"modified":"2021-07-08T10:21:33","modified_gmt":"2021-07-08T13:21:33","slug":"macaco-jacare-2-toneladas-marcon","status":"publish","type":"product","link":"https:\/\/www.profiautos.com.br\/novosite\/produto\/macaco-jacare-2-toneladas-marcon\/","title":{"rendered":"macaco jacar\u00e9 2 toneladas marcon"},"content":{"rendered":"<p>Macaco jacar\u00e9 2 toneladas longo<\/p>\n<p>Altura total com cabo: 1100mm<br \/>\nEleva\u00e7\u00e3o m\u00edn.: 160mm<br \/>\nEleva\u00e7\u00e3o m\u00e1x.: 615mm<br \/>\nRodas de ferro:<br \/>\n2 fixas de 3 1\/4&#8243; x 25mm<br \/>\n2 girat\u00f3rias de 2 1\/4&#8243; x 31mm<br \/>\nPeso: 47 kg<\/p>\n<p><strong>Garantia:<\/strong><br \/>\n6 Meses<\/p>\n","protected":false},"excerpt":{"rendered":"<p>Macaco jacar\u00e9 2 toneladas longo Altura total com cabo: 1100mm Eleva\u00e7\u00e3o m\u00edn.: 160mm Eleva\u00e7\u00e3o m\u00e1x.: 615mm Rodas de ferro: 2 fixas de 3 1\/4&#8243; x 25mm 2 girat\u00f3rias de 2 1\/4&#8243; x 31mm Peso: 47 kg Garantia: 6 Meses<\/p>\n","protected":false},"featured_media":1554,"template":"","meta":{"_exactmetrics_skip_tracking":false,"_exactmetrics_sitenote_active":false,"_exactmetrics_sitenote_note":"","_exactmetrics_sitenote_category":0},"product_cat":[19],"product_tag":[],"class_list":{"0":"post-1553","1":"product","2":"type-product","3":"status-publish","4":"has-post-thumbnail","6":"product_cat-equipamentos-para-oficina","8":"first","9":"instock","10":"taxable","11":"shipping-taxable","12":"product-type-simple"},"_links":{"self":[{"href":"https:\/\/www.profiautos.com.br\/novosite\/wp-json\/wp\/v2\/product\/1553"}],"collection":[{"href":"https:\/\/www.profiautos.com.br\/novosite\/wp-json\/wp\/v2\/product"}],"about":[{"href":"https:\/\/www.profiautos.com.br\/novosite\/wp-json\/wp\/v2\/types\/product"}],"wp:featuredmedia":[{"embeddable":true,"href":"https:\/\/www.profiautos.com.br\/novosite\/wp-json\/wp\/v2\/media\/1554"}],"wp:attachment":[{"href":"https:\/\/www.profiautos.com.br\/novosite\/wp-json\/wp\/v2\/media?parent=1553"}],"wp:term":[{"taxonomy":"product_cat","embeddable":true,"href":"https:\/\/www.profiautos.com.br\/novosite\/wp-json\/wp\/v2\/product_cat?post=1553"},{"taxonomy":"product_tag","embeddable":true,"href":"https:\/\/www.profiautos.com.br\/novosite\/wp-json\/wp\/v2\/product_tag?post=1553"}],"curies":[{"name":"wp","href":"https:\/\/api.w.org\/{rel}","templated":true}]}}