{"id":1545,"date":"2018-03-29T14:32:43","date_gmt":"2018-03-29T17:32:43","guid":{"rendered":"http:\/\/www.profiautos.com.br\/novosite\/?post_type=product&#038;p=1545"},"modified":"2021-07-08T10:22:30","modified_gmt":"2021-07-08T13:22:30","slug":"kit-pistola-de-pintura-gravitacional-arcom","status":"publish","type":"product","link":"https:\/\/www.profiautos.com.br\/novosite\/produto\/kit-pistola-de-pintura-gravitacional-arcom\/","title":{"rendered":"kit pistola de pintura gravitacional arcom"},"content":{"rendered":"<p>Kit Composto por:<\/p>\n<p>01 &#8211; Pistola de Pintura<\/p>\n<p>01 &#8211; Caneca Pl\u00e1stica, 600 ml, Gravidade<\/p>\n<p>01 &#8211; Regulador de Press\u00e3o com Man\u00f4metro<\/p>\n<p>01 &#8211; Bico 1.4mm<\/p>\n<p>01 &#8211; Bico 1.7mm, extra<\/p>\n<p>01 &#8211; Capa 1.4mm<\/p>\n<p>01 &#8211; Capa 1.7mm, extra<\/p>\n<p>01 &#8211; Agulha 1.4mm<\/p>\n<p>01 &#8211; Agulha 1.7mm, extra<\/p>\n<p>01 &#8211; Chave para Manuten\u00e7\u00e3o<\/p>\n<p>01 &#8211; Escova para Limpeza<\/p>\n<p>Press\u00e3o M\u00e1xima: 40 lbs<\/p>\n<p>Consumo de Ar: 6 pcm<\/p>\n<p>C\u00f3digo:\u00a0ARC-H-827-A<\/p>\n","protected":false},"excerpt":{"rendered":"<p>Kit Composto por: 01 &#8211; Pistola de Pintura 01 &#8211; Caneca Pl\u00e1stica, 600 ml, Gravidade 01 &#8211; Regulador de Press\u00e3o com Man\u00f4metro 01 &#8211; Bico 1.4mm 01 &#8211; Bico 1.7mm, extra 01 &#8211; Capa 1.4mm 01 &#8211; Capa 1.7mm, extra 01 &#8211; Agulha 1.4mm 01 &#8211; Agulha 1.7mm, extra 01 &#8211; Chave para Manuten\u00e7\u00e3o 01 [&hellip;]<\/p>\n","protected":false},"featured_media":1547,"template":"","meta":{"_exactmetrics_skip_tracking":false,"_exactmetrics_sitenote_active":false,"_exactmetrics_sitenote_note":"","_exactmetrics_sitenote_category":0},"product_cat":[50],"product_tag":[],"class_list":{"0":"post-1545","1":"product","2":"type-product","3":"status-publish","4":"has-post-thumbnail","6":"product_cat-pintura","8":"first","9":"instock","10":"taxable","11":"shipping-taxable","12":"product-type-simple"},"_links":{"self":[{"href":"https:\/\/www.profiautos.com.br\/novosite\/wp-json\/wp\/v2\/product\/1545"}],"collection":[{"href":"https:\/\/www.profiautos.com.br\/novosite\/wp-json\/wp\/v2\/product"}],"about":[{"href":"https:\/\/www.profiautos.com.br\/novosite\/wp-json\/wp\/v2\/types\/product"}],"wp:featuredmedia":[{"embeddable":true,"href":"https:\/\/www.profiautos.com.br\/novosite\/wp-json\/wp\/v2\/media\/1547"}],"wp:attachment":[{"href":"https:\/\/www.profiautos.com.br\/novosite\/wp-json\/wp\/v2\/media?parent=1545"}],"wp:term":[{"taxonomy":"product_cat","embeddable":true,"href":"https:\/\/www.profiautos.com.br\/novosite\/wp-json\/wp\/v2\/product_cat?post=1545"},{"taxonomy":"product_tag","embeddable":true,"href":"https:\/\/www.profiautos.com.br\/novosite\/wp-json\/wp\/v2\/product_tag?post=1545"}],"curies":[{"name":"wp","href":"https:\/\/api.w.org\/{rel}","templated":true}]}}