{"id":1538,"date":"2018-03-28T14:31:16","date_gmt":"2018-03-28T17:31:16","guid":{"rendered":"http:\/\/www.profiautos.com.br\/novosite\/?post_type=product&#038;p=1538"},"modified":"2020-02-04T13:20:45","modified_gmt":"2020-02-04T16:20:45","slug":"imobilizadores-automotivos","status":"publish","type":"product","link":"https:\/\/www.profiautos.com.br\/novosite\/produto\/imobilizadores-automotivos\/","title":{"rendered":"IMOBILIZADORES AUTOMOTIVOS &#8211; S\u00c1BADOS"},"content":{"rendered":"<p><strong>CONTE\u00daDO PROGRAM\u00c1TICO:<\/strong><\/p>\n<p>&#8211; Programar ECU + Painel + Chave;<\/p>\n<p>&#8211; Reset e &#8220;casamento&#8221; da ECU com Imobilizador;<\/p>\n<p>&#8211; Programar Chaves;<\/p>\n<p>&#8211; Ler Senhas;<\/p>\n<p>&#8211; Resetar Imobilizadores;<\/p>\n<p>&#8211; Usar o OBDMAP para resolver problemas em Imobilizadores;<\/p>\n<p>&#8211; Programar Telecomando da Chave;<\/p>\n<p>&#8211; Dedicar e Gerar Transponders;<\/p>\n<p>&#8211; Reset no M\u00f3dulo de inje\u00e7\u00e3o;<\/p>\n<p>&#8211; Leitura de senha da ECU e Imobilizador;<\/p>\n<p>&#8211; Descodifica\u00e7\u00e3o da ECU entre outros.<\/p>\n<p><strong>MONTADORAS QUE O CURSO ABRANGE:<\/strong><\/p>\n<p>&#8211; GM: Opel 1, Opel 2, Opel 2R e IMMO3;<\/p>\n<p>&#8211; FIAT: Code 1, Code 2 e Code 2 fase 3;<\/p>\n<p>&#8211; VW: IMMO1e Gol G5;<\/p>\n<p>&#8211; FORD: Pats 2 e Pats 3 CAN.<\/p>\n<p>&nbsp;<\/p>\n<p><em><strong>Dura\u00e7\u00e3o:<\/strong>\u00a0 4 S\u00c1BADOS (14 Horas).<\/em><\/p>\n<p><em><strong>Hor\u00e1rio:<\/strong>\u00a014:00 \u00e0s 17:30h.<\/em><\/p>\n<p><em><strong>Formas de Pagamento:<\/strong>\u00a0\u00c1 Vista ou no cart\u00e3o em at\u00e9 6x sem juros.<\/em><\/p>\n<p><em><strong>Incluso:<\/strong>\u00a0Material did\u00e1tico e certificado de participa\u00e7\u00e3o<\/em>.<\/p>\n","protected":false},"excerpt":{"rendered":"<p>CONTE\u00daDO PROGRAM\u00c1TICO: &#8211; Programar ECU + Painel + Chave; &#8211; Reset e &#8220;casamento&#8221; da ECU com Imobilizador; &#8211; Programar Chaves; &#8211; Ler Senhas; &#8211; Resetar Imobilizadores; &#8211; Usar o OBDMAP para resolver problemas em Imobilizadores; &#8211; Programar Telecomando da Chave; &#8211; Dedicar e Gerar Transponders; &#8211; Reset no M\u00f3dulo de inje\u00e7\u00e3o; &#8211; Leitura de senha [&hellip;]<\/p>\n","protected":false},"featured_media":1539,"template":"","meta":{"_exactmetrics_skip_tracking":false,"_exactmetrics_sitenote_active":false,"_exactmetrics_sitenote_note":"","_exactmetrics_sitenote_category":0},"product_cat":[8,14],"product_tag":[],"class_list":{"0":"post-1538","1":"product","2":"type-product","3":"status-publish","4":"has-post-thumbnail","6":"product_cat-cursos-automotivos","7":"product_cat-cursos-com-matriculas-abertas","9":"first","10":"instock","11":"taxable","12":"shipping-taxable","13":"purchasable","14":"product-type-simple"},"_links":{"self":[{"href":"https:\/\/www.profiautos.com.br\/novosite\/wp-json\/wp\/v2\/product\/1538"}],"collection":[{"href":"https:\/\/www.profiautos.com.br\/novosite\/wp-json\/wp\/v2\/product"}],"about":[{"href":"https:\/\/www.profiautos.com.br\/novosite\/wp-json\/wp\/v2\/types\/product"}],"wp:featuredmedia":[{"embeddable":true,"href":"https:\/\/www.profiautos.com.br\/novosite\/wp-json\/wp\/v2\/media\/1539"}],"wp:attachment":[{"href":"https:\/\/www.profiautos.com.br\/novosite\/wp-json\/wp\/v2\/media?parent=1538"}],"wp:term":[{"taxonomy":"product_cat","embeddable":true,"href":"https:\/\/www.profiautos.com.br\/novosite\/wp-json\/wp\/v2\/product_cat?post=1538"},{"taxonomy":"product_tag","embeddable":true,"href":"https:\/\/www.profiautos.com.br\/novosite\/wp-json\/wp\/v2\/product_tag?post=1538"}],"curies":[{"name":"wp","href":"https:\/\/api.w.org\/{rel}","templated":true}]}}