{"id":1508,"date":"2018-03-27T17:33:56","date_gmt":"2018-03-27T20:33:56","guid":{"rendered":"http:\/\/www.profiautos.com.br\/novosite\/?post_type=product&#038;p=1508"},"modified":"2020-08-18T14:49:06","modified_gmt":"2020-08-18T17:49:06","slug":"carregador-de-bateria-charger-v8-brasil","status":"publish","type":"product","link":"https:\/\/www.profiautos.com.br\/novosite\/produto\/carregador-de-bateria-charger-v8-brasil\/","title":{"rendered":"CARREGADOR DE BATERIA CHARGER 100 V8 BRASIL"},"content":{"rendered":"<p>PARA INFORMA\u00c7\u00d5ES DE VALORES , (85) 9 8732-1854 OU (85) 3034-1103<\/p>\n<p>Carregador de Bateria Charger 250E Bivolt da V8 Brasil \u00e9 a solu\u00e7\u00e3o para agilizar o processo de carga das baterias em sua casa, oficina ou empresa!<\/p>\n<p>Com design pr\u00e1tico e constru\u00e7\u00e3o leve, \u00e9 f\u00e1cil de manusear e potente, j\u00e1 que pode carregar uma bateria automotiva de 12V a at\u00e9 25 A\/h.<\/p>\n<p>Sua caracter\u00edstica bivolt aumenta seu alcance e funcionalidade no mercado brasileiro. O operador deve apenas selecionar a tens\u00e3o no seletor, que fica a traseira do carregador de bateria, e que seja condizente com a rede el\u00e9trica local.<\/p>\n<p>O f\u00e1cil manuseio se deve \u00e0 toda tecnologia empregada em seu sistema. Com um painel frontal simples, o operador apenas precisa apenas ficar atento nos valores expressos no amper\u00edmetro, que indica quanta corrente de carga da bateria est\u00e1 sendo consumida.<\/p>\n<p>Seu funcionamento tamb\u00e9m \u00e9 muito pr\u00e1tico. Basta que o operador ligue a m\u00e1quina na rede el\u00e9trica (com aten\u00e7\u00e3o ao selecionar a tens\u00e3o que corresponde a sua regi\u00e3o na chave seletora) e acople as garras nos respectivos polos da bateria automotiva (positivo no positivo, garra vermelha; negativo no negativo, garra preta). Ent\u00e3o, resta ligar e aguardar a bateria ser carregada.<\/p>\n<p>O Carregador de Bateria Charger 250E Bivolt da V8 Brasil \u00e9 perfeito para dar carga em baterias de carros, motos, scooters, quadriciclos, utilit\u00e1rios, ve\u00edculos infantis, jet-skis e barcos de pequeno porte. Mas muita aten\u00e7\u00e3o na tens\u00e3o destas baterias, que devem ser de at\u00e9 12V.<\/p>\n","protected":false},"excerpt":{"rendered":"<p>PARA INFORMA\u00c7\u00d5ES DE VALORES , (85) 9 8732-1854 OU (85) 3034-1103 Carregador de Bateria Charger 250E Bivolt da V8 Brasil \u00e9 a solu\u00e7\u00e3o para agilizar o processo de carga das baterias em sua casa, oficina ou empresa! Com design pr\u00e1tico e constru\u00e7\u00e3o leve, \u00e9 f\u00e1cil de manusear e potente, j\u00e1 que pode carregar uma bateria [&hellip;]<\/p>\n","protected":false},"featured_media":1509,"template":"","meta":{"_exactmetrics_skip_tracking":false,"_exactmetrics_sitenote_active":false,"_exactmetrics_sitenote_note":"","_exactmetrics_sitenote_category":0},"product_cat":[24],"product_tag":[],"class_list":{"0":"post-1508","1":"product","2":"type-product","3":"status-publish","4":"has-post-thumbnail","6":"product_cat-eletricas","8":"first","9":"instock","10":"taxable","11":"shipping-taxable","12":"product-type-simple"},"_links":{"self":[{"href":"https:\/\/www.profiautos.com.br\/novosite\/wp-json\/wp\/v2\/product\/1508"}],"collection":[{"href":"https:\/\/www.profiautos.com.br\/novosite\/wp-json\/wp\/v2\/product"}],"about":[{"href":"https:\/\/www.profiautos.com.br\/novosite\/wp-json\/wp\/v2\/types\/product"}],"wp:featuredmedia":[{"embeddable":true,"href":"https:\/\/www.profiautos.com.br\/novosite\/wp-json\/wp\/v2\/media\/1509"}],"wp:attachment":[{"href":"https:\/\/www.profiautos.com.br\/novosite\/wp-json\/wp\/v2\/media?parent=1508"}],"wp:term":[{"taxonomy":"product_cat","embeddable":true,"href":"https:\/\/www.profiautos.com.br\/novosite\/wp-json\/wp\/v2\/product_cat?post=1508"},{"taxonomy":"product_tag","embeddable":true,"href":"https:\/\/www.profiautos.com.br\/novosite\/wp-json\/wp\/v2\/product_tag?post=1508"}],"curies":[{"name":"wp","href":"https:\/\/api.w.org\/{rel}","templated":true}]}}