{"id":1502,"date":"2018-03-27T17:23:05","date_gmt":"2018-03-27T20:23:05","guid":{"rendered":"http:\/\/www.profiautos.com.br\/novosite\/?post_type=product&#038;p=1502"},"modified":"2020-08-18T14:45:33","modified_gmt":"2020-08-18T17:45:33","slug":"bico-macarico-suryha","status":"publish","type":"product","link":"https:\/\/www.profiautos.com.br\/novosite\/produto\/bico-macarico-suryha\/","title":{"rendered":"BICO MA\u00c7ARICO SURYHA"},"content":{"rendered":"<p>PARA INFORMA\u00c7\u00d5ES DE VALORES , (85) 9 8732-1854 OU (85) 3034-1103<\/p>\n<p>Voc\u00ea conhece a\u00a0Suryha? \u00c9 uma empresa brasileira, com a Certifica\u00e7\u00e3o CE para os seus produtos e todos os seus processos de trabalho seguem a norma ISO 9001:2008. Realiza ainda projetos na \u00e1rea sicial e ambiental, com reconhecimento p\u00fablico na sua cidade, Caxias do Sul &#8211; RS. A Suryha busca constantemente a melhoria da qualidade de seus produtos.<\/p>\n<p><strong>Caracter\u00edsticas<\/strong><br \/>\nLeve e seguro<br \/>\nAuto-igni\u00e7\u00e3o, praticidade<br \/>\nLonga vida \u00fatil: mais de 4000 acionamentos<br \/>\nBico rotativo de 360\u00b0<br \/>\nAplica\u00e7\u00f5es de baixa e m\u00e9dia temperatura<\/p>\n","protected":false},"excerpt":{"rendered":"<p>PARA INFORMA\u00c7\u00d5ES DE VALORES , (85) 9 8732-1854 OU (85) 3034-1103 Voc\u00ea conhece a\u00a0Suryha? \u00c9 uma empresa brasileira, com a Certifica\u00e7\u00e3o CE para os seus produtos e todos os seus processos de trabalho seguem a norma ISO 9001:2008. Realiza ainda projetos na \u00e1rea sicial e ambiental, com reconhecimento p\u00fablico na sua cidade, Caxias do Sul [&hellip;]<\/p>\n","protected":false},"featured_media":1503,"template":"","meta":{"_exactmetrics_skip_tracking":false,"_exactmetrics_sitenote_active":false,"_exactmetrics_sitenote_note":"","_exactmetrics_sitenote_category":0},"product_cat":[18],"product_tag":[],"class_list":{"0":"post-1502","1":"product","2":"type-product","3":"status-publish","4":"has-post-thumbnail","6":"product_cat-diversas","8":"first","9":"instock","10":"taxable","11":"shipping-taxable","12":"product-type-simple"},"_links":{"self":[{"href":"https:\/\/www.profiautos.com.br\/novosite\/wp-json\/wp\/v2\/product\/1502"}],"collection":[{"href":"https:\/\/www.profiautos.com.br\/novosite\/wp-json\/wp\/v2\/product"}],"about":[{"href":"https:\/\/www.profiautos.com.br\/novosite\/wp-json\/wp\/v2\/types\/product"}],"wp:featuredmedia":[{"embeddable":true,"href":"https:\/\/www.profiautos.com.br\/novosite\/wp-json\/wp\/v2\/media\/1503"}],"wp:attachment":[{"href":"https:\/\/www.profiautos.com.br\/novosite\/wp-json\/wp\/v2\/media?parent=1502"}],"wp:term":[{"taxonomy":"product_cat","embeddable":true,"href":"https:\/\/www.profiautos.com.br\/novosite\/wp-json\/wp\/v2\/product_cat?post=1502"},{"taxonomy":"product_tag","embeddable":true,"href":"https:\/\/www.profiautos.com.br\/novosite\/wp-json\/wp\/v2\/product_tag?post=1502"}],"curies":[{"name":"wp","href":"https:\/\/api.w.org\/{rel}","templated":true}]}}