{"id":1500,"date":"2018-03-27T17:19:30","date_gmt":"2018-03-27T20:19:30","guid":{"rendered":"http:\/\/www.profiautos.com.br\/novosite\/?post_type=product&#038;p=1500"},"modified":"2020-08-18T12:09:26","modified_gmt":"2020-08-18T15:09:26","slug":"kit-orings-bremen","status":"publish","type":"product","link":"https:\/\/www.profiautos.com.br\/novosite\/produto\/kit-orings-bremen\/","title":{"rendered":"KIT ORINGS BREMEN"},"content":{"rendered":"<ul class=\"first last\">\n<li id=\"especificacoes-tecnicas\" class=\"first even\" title=\"Especifica\u00e7\u00f5es T\u00e9cnicas\">\n<div class=\"info-description\">\n<div>PARA INFORMA\u00c7\u00d5ES DE VALORES , (85) 9 8732-1854 OU (85) 3034-1103<br \/>\nKit orings com 419 pe\u00e7as diametros internos que variam de 3 a 50mm Bremen<\/div>\n<div><\/div>\n<div>&#8211; em borracha (nitrile 70 shore)<\/div>\n<div>&#8211; com maleta<\/div>\n<\/div>\n<\/li>\n<li id=\"garantia\" class=\"last odd\" title=\"Garantia\">\n<h3 class=\"info-title\">Garantia<\/h3>\n<div class=\"info-description\">Garantia contra defeitos de fabrica\u00e7\u00e3o.<\/div>\n<\/li>\n<\/ul>\n","protected":false},"excerpt":{"rendered":"<p>PARA INFORMA\u00c7\u00d5ES DE VALORES , (85) 9 8732-1854 OU (85) 3034-1103 Kit orings com 419 pe\u00e7as diametros internos que variam de 3 a 50mm Bremen &#8211; em borracha (nitrile 70 shore) &#8211; com maleta Garantia Garantia contra defeitos de fabrica\u00e7\u00e3o.<\/p>\n","protected":false},"featured_media":1501,"template":"","meta":{"_exactmetrics_skip_tracking":false,"_exactmetrics_sitenote_active":false,"_exactmetrics_sitenote_note":"","_exactmetrics_sitenote_category":0},"product_cat":[28],"product_tag":[],"class_list":{"0":"post-1500","1":"product","2":"type-product","3":"status-publish","4":"has-post-thumbnail","6":"product_cat-ar-condicionado","8":"first","9":"instock","10":"taxable","11":"shipping-taxable","12":"product-type-simple"},"_links":{"self":[{"href":"https:\/\/www.profiautos.com.br\/novosite\/wp-json\/wp\/v2\/product\/1500"}],"collection":[{"href":"https:\/\/www.profiautos.com.br\/novosite\/wp-json\/wp\/v2\/product"}],"about":[{"href":"https:\/\/www.profiautos.com.br\/novosite\/wp-json\/wp\/v2\/types\/product"}],"wp:featuredmedia":[{"embeddable":true,"href":"https:\/\/www.profiautos.com.br\/novosite\/wp-json\/wp\/v2\/media\/1501"}],"wp:attachment":[{"href":"https:\/\/www.profiautos.com.br\/novosite\/wp-json\/wp\/v2\/media?parent=1500"}],"wp:term":[{"taxonomy":"product_cat","embeddable":true,"href":"https:\/\/www.profiautos.com.br\/novosite\/wp-json\/wp\/v2\/product_cat?post=1500"},{"taxonomy":"product_tag","embeddable":true,"href":"https:\/\/www.profiautos.com.br\/novosite\/wp-json\/wp\/v2\/product_tag?post=1500"}],"curies":[{"name":"wp","href":"https:\/\/api.w.org\/{rel}","templated":true}]}}