{"id":1498,"date":"2018-03-27T17:16:25","date_gmt":"2018-03-27T20:16:25","guid":{"rendered":"http:\/\/www.profiautos.com.br\/novosite\/?post_type=product&#038;p=1498"},"modified":"2020-08-18T12:09:46","modified_gmt":"2020-08-18T15:09:46","slug":"conjunto-de-mangueiras-shuryha","status":"publish","type":"product","link":"https:\/\/www.profiautos.com.br\/novosite\/produto\/conjunto-de-mangueiras-shuryha\/","title":{"rendered":"CONJUNTO DE MANGUEIRAS SHURYHA"},"content":{"rendered":"<p>PARA INFORMA\u00c7\u00d5ES DE VALORES , (85) 9 8732-1854 OU (85) 3034-1103<br \/>\ncod. 80150.004<br \/>\nKit Mangueiras 90cm | R22\/R404\/R134<\/p>\n<p>Utiliza\u00e7\u00e3o: As mangueiras s\u00e3o comercializadas sempre em conjunto com roscas na bitola de 1\/4\u201d SAE. A vermelha \u00e9 para uso em alta press\u00e3o, azul para baixa press\u00e3o e amarela para servi\u00e7os.<\/p>\n<p>Caracter\u00edsticas<br \/>\nConex\u00f5es de 1\/4&#8243; &#8211; SAE<br \/>\nV\u00e1lvula auto-centrante<br \/>\nMangueira com refor\u00e7o de nylon interno<br \/>\nLonga vida \u00fatil<br \/>\nAlta resist\u00eancia ao atrito<\/p>\n","protected":false},"excerpt":{"rendered":"<p>PARA INFORMA\u00c7\u00d5ES DE VALORES , (85) 9 8732-1854 OU (85) 3034-1103 cod. 80150.004 Kit Mangueiras 90cm | R22\/R404\/R134 Utiliza\u00e7\u00e3o: As mangueiras s\u00e3o comercializadas sempre em conjunto com roscas na bitola de 1\/4\u201d SAE. A vermelha \u00e9 para uso em alta press\u00e3o, azul para baixa press\u00e3o e amarela para servi\u00e7os. Caracter\u00edsticas Conex\u00f5es de 1\/4&#8243; &#8211; SAE [&hellip;]<\/p>\n","protected":false},"featured_media":1499,"template":"","meta":{"_exactmetrics_skip_tracking":false,"_exactmetrics_sitenote_active":false,"_exactmetrics_sitenote_note":"","_exactmetrics_sitenote_category":0},"product_cat":[28],"product_tag":[],"class_list":{"0":"post-1498","1":"product","2":"type-product","3":"status-publish","4":"has-post-thumbnail","6":"product_cat-ar-condicionado","8":"first","9":"instock","10":"taxable","11":"shipping-taxable","12":"product-type-simple"},"_links":{"self":[{"href":"https:\/\/www.profiautos.com.br\/novosite\/wp-json\/wp\/v2\/product\/1498"}],"collection":[{"href":"https:\/\/www.profiautos.com.br\/novosite\/wp-json\/wp\/v2\/product"}],"about":[{"href":"https:\/\/www.profiautos.com.br\/novosite\/wp-json\/wp\/v2\/types\/product"}],"wp:featuredmedia":[{"embeddable":true,"href":"https:\/\/www.profiautos.com.br\/novosite\/wp-json\/wp\/v2\/media\/1499"}],"wp:attachment":[{"href":"https:\/\/www.profiautos.com.br\/novosite\/wp-json\/wp\/v2\/media?parent=1498"}],"wp:term":[{"taxonomy":"product_cat","embeddable":true,"href":"https:\/\/www.profiautos.com.br\/novosite\/wp-json\/wp\/v2\/product_cat?post=1498"},{"taxonomy":"product_tag","embeddable":true,"href":"https:\/\/www.profiautos.com.br\/novosite\/wp-json\/wp\/v2\/product_tag?post=1498"}],"curies":[{"name":"wp","href":"https:\/\/api.w.org\/{rel}","templated":true}]}}