{"id":1496,"date":"2018-03-27T17:13:33","date_gmt":"2018-03-27T20:13:33","guid":{"rendered":"http:\/\/www.profiautos.com.br\/novosite\/?post_type=product&#038;p=1496"},"modified":"2020-08-18T14:49:24","modified_gmt":"2020-08-18T17:49:24","slug":"termometro-digital-minipa","status":"publish","type":"product","link":"https:\/\/www.profiautos.com.br\/novosite\/produto\/termometro-digital-minipa\/","title":{"rendered":"TERM\u00d4METRO DIGITAL MINIPA"},"content":{"rendered":"<p>PARA INFORMA\u00c7\u00d5ES DE VALORES , (85) 9 8732-1854 OU (85) 3034-1103<\/p>\n<p>Term\u00f4metro Digital de Vareta Minipa MV-363<\/p>\n<p>&nbsp;<\/p>\n<p>\u2022 Display: LCD 16 x 8mm<\/p>\n<p>\u2022 Indica\u00e7\u00e3o de Polaridade: Autom\u00e1tica, negativa (-) indicada<\/p>\n<p>\u2022 Mem\u00f3ria: Leitura M\u00e1xima e M\u00ednima<\/p>\n<p>\u2022 Resistente a \u00c1gua<\/p>\n<p>\u2022 Precis\u00e3o por Quartzo<\/p>\n<p>\u2022 Descarga Eletrost\u00e1tica (ESD): \u00b1 8kV<\/p>\n<p>\u2022 Ambiente de Opera\u00e7\u00e3o: 0\u00baC ~ 40\u00baC<\/p>\n<p>\u2022 Ambiente de Armazenamento: -10\u00baC ~ 60\u00baC, RH &lt; 95%<\/p>\n<p>\u2022 Alimenta\u00e7\u00e3o: 1 Bateria LR44 de ampla dura\u00e7\u00e3o (inclu\u00edda)<\/p>\n<p>\u2022 Tens\u00e3o de Opera\u00e7\u00e3o: 1.2V ~ 1.7V<\/p>\n<p>\u2022 Consumo de Corrente: &lt;60\u00b5 A (modo de espera) \/ &lt;5\u00b5 A (desligado)<\/p>\n<p>\u2022 Vareta de A\u00e7o Inoxid\u00e1vel: 110mm de Extens\u00e3o<\/p>\n<p>\u2022 Dimens\u00f5es: 170(A) x 44(L) x 15(P)mm<\/p>\n","protected":false},"excerpt":{"rendered":"<p>PARA INFORMA\u00c7\u00d5ES DE VALORES , (85) 9 8732-1854 OU (85) 3034-1103 Term\u00f4metro Digital de Vareta Minipa MV-363 &nbsp; \u2022 Display: LCD 16 x 8mm \u2022 Indica\u00e7\u00e3o de Polaridade: Autom\u00e1tica, negativa (-) indicada \u2022 Mem\u00f3ria: Leitura M\u00e1xima e M\u00ednima \u2022 Resistente a \u00c1gua \u2022 Precis\u00e3o por Quartzo \u2022 Descarga Eletrost\u00e1tica (ESD): \u00b1 8kV \u2022 Ambiente de [&hellip;]<\/p>\n","protected":false},"featured_media":1497,"template":"","meta":{"_exactmetrics_skip_tracking":false,"_exactmetrics_sitenote_active":false,"_exactmetrics_sitenote_note":"","_exactmetrics_sitenote_category":0},"product_cat":[24],"product_tag":[],"class_list":{"0":"post-1496","1":"product","2":"type-product","3":"status-publish","4":"has-post-thumbnail","6":"product_cat-eletricas","8":"first","9":"instock","10":"taxable","11":"shipping-taxable","12":"product-type-simple"},"_links":{"self":[{"href":"https:\/\/www.profiautos.com.br\/novosite\/wp-json\/wp\/v2\/product\/1496"}],"collection":[{"href":"https:\/\/www.profiautos.com.br\/novosite\/wp-json\/wp\/v2\/product"}],"about":[{"href":"https:\/\/www.profiautos.com.br\/novosite\/wp-json\/wp\/v2\/types\/product"}],"wp:featuredmedia":[{"embeddable":true,"href":"https:\/\/www.profiautos.com.br\/novosite\/wp-json\/wp\/v2\/media\/1497"}],"wp:attachment":[{"href":"https:\/\/www.profiautos.com.br\/novosite\/wp-json\/wp\/v2\/media?parent=1496"}],"wp:term":[{"taxonomy":"product_cat","embeddable":true,"href":"https:\/\/www.profiautos.com.br\/novosite\/wp-json\/wp\/v2\/product_cat?post=1496"},{"taxonomy":"product_tag","embeddable":true,"href":"https:\/\/www.profiautos.com.br\/novosite\/wp-json\/wp\/v2\/product_tag?post=1496"}],"curies":[{"name":"wp","href":"https:\/\/api.w.org\/{rel}","templated":true}]}}