{"id":1493,"date":"2018-03-27T17:02:16","date_gmt":"2018-03-27T20:02:16","guid":{"rendered":"http:\/\/www.profiautos.com.br\/novosite\/?post_type=product&#038;p=1493"},"modified":"2020-08-18T14:45:54","modified_gmt":"2020-08-18T17:45:54","slug":"gas-propano-suryha-master-mix","status":"publish","type":"product","link":"https:\/\/www.profiautos.com.br\/novosite\/produto\/gas-propano-suryha-master-mix\/","title":{"rendered":"GAS PROPANO SURYHA MASTER MIX"},"content":{"rendered":"<p>PARA INFORMA\u00c7\u00d5ES DE VALORES , (85) 9 8732-1854 OU (85) 3034-1103<\/p>\n<p><strong>G\u00e1s Ma\u00e7arico Master Mix Propano 450gr Suryha<\/strong><\/p>\n<p><strong>Cod. produto 80140.006<\/strong><\/p>\n<p><strong>Caracter\u00edsticas<\/strong><\/p>\n<p>Refil para ma\u00e7arico port\u00e1til<\/p>\n<p>1800\u00b0 de temperatura de chama<\/p>\n<p>Seguran\u00e7a e desempenho<\/p>\n<p>3 horas de chama (aprox.)<\/p>\n<p>Auto-igni\u00e7\u00e3o, praticidade<\/p>\n","protected":false},"excerpt":{"rendered":"<p>PARA INFORMA\u00c7\u00d5ES DE VALORES , (85) 9 8732-1854 OU (85) 3034-1103 G\u00e1s Ma\u00e7arico Master Mix Propano 450gr Suryha Cod. produto 80140.006 Caracter\u00edsticas Refil para ma\u00e7arico port\u00e1til 1800\u00b0 de temperatura de chama Seguran\u00e7a e desempenho 3 horas de chama (aprox.) Auto-igni\u00e7\u00e3o, praticidade<\/p>\n","protected":false},"featured_media":1494,"template":"","meta":{"_exactmetrics_skip_tracking":false,"_exactmetrics_sitenote_active":false,"_exactmetrics_sitenote_note":"","_exactmetrics_sitenote_category":0},"product_cat":[18],"product_tag":[],"class_list":{"0":"post-1493","1":"product","2":"type-product","3":"status-publish","4":"has-post-thumbnail","6":"product_cat-diversas","8":"first","9":"instock","10":"taxable","11":"shipping-taxable","12":"product-type-simple"},"_links":{"self":[{"href":"https:\/\/www.profiautos.com.br\/novosite\/wp-json\/wp\/v2\/product\/1493"}],"collection":[{"href":"https:\/\/www.profiautos.com.br\/novosite\/wp-json\/wp\/v2\/product"}],"about":[{"href":"https:\/\/www.profiautos.com.br\/novosite\/wp-json\/wp\/v2\/types\/product"}],"wp:featuredmedia":[{"embeddable":true,"href":"https:\/\/www.profiautos.com.br\/novosite\/wp-json\/wp\/v2\/media\/1494"}],"wp:attachment":[{"href":"https:\/\/www.profiautos.com.br\/novosite\/wp-json\/wp\/v2\/media?parent=1493"}],"wp:term":[{"taxonomy":"product_cat","embeddable":true,"href":"https:\/\/www.profiautos.com.br\/novosite\/wp-json\/wp\/v2\/product_cat?post=1493"},{"taxonomy":"product_tag","embeddable":true,"href":"https:\/\/www.profiautos.com.br\/novosite\/wp-json\/wp\/v2\/product_tag?post=1493"}],"curies":[{"name":"wp","href":"https:\/\/api.w.org\/{rel}","templated":true}]}}