{"id":1489,"date":"2018-03-27T16:58:24","date_gmt":"2018-03-27T19:58:24","guid":{"rendered":"http:\/\/www.profiautos.com.br\/novosite\/?post_type=product&#038;p=1489"},"modified":"2021-07-08T10:22:38","modified_gmt":"2021-07-08T13:22:38","slug":"detector-de-vazamento","status":"publish","type":"product","link":"https:\/\/www.profiautos.com.br\/novosite\/produto\/detector-de-vazamento\/","title":{"rendered":"DETECTOR DE VAZAMENTO"},"content":{"rendered":"<p>&#8211; Detector Eletr\u00f4nico de Vazamento<br \/>\n&#8211; Refer\u00eancia : 80150.017<br \/>\n&#8211; Marca: Suryha<\/p>\n<p>CARACTER\u00cdSTICAS:<br \/>\n&#8211; Baixo consumo e pequeno<br \/>\n&#8211; Ultra sens\u00edvel (0,1 oz\/yr)<br \/>\n&#8211; 1-5 n\u00edveis de sensibilidade<br \/>\n&#8211; LED&#8217;s de aviso de vazamento<br \/>\n&#8211; F\u00e1cil opera\u00e7\u00e3o<br \/>\n&#8211; Acompanha sensor sobressalente<br \/>\n&#8211; Melhor custo x benef\u00edcio do mercado<\/p>\n","protected":false},"excerpt":{"rendered":"<p>&#8211; Detector Eletr\u00f4nico de Vazamento &#8211; Refer\u00eancia : 80150.017 &#8211; Marca: Suryha CARACTER\u00cdSTICAS: &#8211; Baixo consumo e pequeno &#8211; Ultra sens\u00edvel (0,1 oz\/yr) &#8211; 1-5 n\u00edveis de sensibilidade &#8211; LED&#8217;s de aviso de vazamento &#8211; F\u00e1cil opera\u00e7\u00e3o &#8211; Acompanha sensor sobressalente &#8211; Melhor custo x benef\u00edcio do mercado<\/p>\n","protected":false},"featured_media":1490,"template":"","meta":{"_exactmetrics_skip_tracking":false,"_exactmetrics_sitenote_active":false,"_exactmetrics_sitenote_note":"","_exactmetrics_sitenote_category":0},"product_cat":[67],"product_tag":[],"class_list":{"0":"post-1489","1":"product","2":"type-product","3":"status-publish","4":"has-post-thumbnail","6":"product_cat-sem-categoria","8":"first","9":"instock","10":"taxable","11":"shipping-taxable","12":"product-type-simple"},"_links":{"self":[{"href":"https:\/\/www.profiautos.com.br\/novosite\/wp-json\/wp\/v2\/product\/1489"}],"collection":[{"href":"https:\/\/www.profiautos.com.br\/novosite\/wp-json\/wp\/v2\/product"}],"about":[{"href":"https:\/\/www.profiautos.com.br\/novosite\/wp-json\/wp\/v2\/types\/product"}],"wp:featuredmedia":[{"embeddable":true,"href":"https:\/\/www.profiautos.com.br\/novosite\/wp-json\/wp\/v2\/media\/1490"}],"wp:attachment":[{"href":"https:\/\/www.profiautos.com.br\/novosite\/wp-json\/wp\/v2\/media?parent=1489"}],"wp:term":[{"taxonomy":"product_cat","embeddable":true,"href":"https:\/\/www.profiautos.com.br\/novosite\/wp-json\/wp\/v2\/product_cat?post=1489"},{"taxonomy":"product_tag","embeddable":true,"href":"https:\/\/www.profiautos.com.br\/novosite\/wp-json\/wp\/v2\/product_tag?post=1489"}],"curies":[{"name":"wp","href":"https:\/\/api.w.org\/{rel}","templated":true}]}}