{"id":1487,"date":"2018-03-27T16:45:25","date_gmt":"2018-03-27T19:45:25","guid":{"rendered":"http:\/\/www.profiautos.com.br\/novosite\/?post_type=product&#038;p=1487"},"modified":"2020-08-18T14:49:43","modified_gmt":"2020-08-18T17:49:43","slug":"cabo-de-chupeta-marca-okei","status":"publish","type":"product","link":"https:\/\/www.profiautos.com.br\/novosite\/produto\/cabo-de-chupeta-marca-okei\/","title":{"rendered":"CABO DE CHUPETA MARCA OKEI"},"content":{"rendered":"<p>PARA INFORMA\u00c7\u00d5ES DE VALORES , (85) 9 8732-1854 OU (85) 3034-1103<\/p>\n<p>Cabo de chupeta para bateria<br \/>\n\u2022 Duas bitolas fabricadas em cobre com excelente acabamento<br \/>\n\u2022 Possui cabos emborrachados<span class=\"apple-converted-space\">\u00a0<\/span><br \/>\n\u2022 Utilizada em\u00a0autom\u00f3veis, caminhonetes, vans e caminh\u00f5es leves<\/p>\n<p><strong>\u2022 Especifica\u00e7\u00f5es T\u00e9cnicas:<\/strong><span class=\"apple-converted-space\">\u00a0<\/span><br \/>\n&#8211; Extens\u00e3o: 3,0 m<br \/>\n&#8211; Para Baterias: 12\/24 V a 80Ah<br \/>\n&#8211; Bitola do cobre: 16 mm\u00b2<br \/>\n<strong><br \/>\n\u2022 Garantia: 3 meses de garantia legal por lei, contando a partir da data de emiss\u00e3o da Nota Fiscal de Venda contra defeitos de fabrica\u00e7\u00e3o<\/strong><\/p>\n<p>\u2022 Marca:<span class=\"apple-converted-space\">\u00a0<\/span><strong>OKEI<\/strong><\/p>\n","protected":false},"excerpt":{"rendered":"<p>PARA INFORMA\u00c7\u00d5ES DE VALORES , (85) 9 8732-1854 OU (85) 3034-1103 Cabo de chupeta para bateria \u2022 Duas bitolas fabricadas em cobre com excelente acabamento \u2022 Possui cabos emborrachados\u00a0 \u2022 Utilizada em\u00a0autom\u00f3veis, caminhonetes, vans e caminh\u00f5es leves \u2022 Especifica\u00e7\u00f5es T\u00e9cnicas:\u00a0 &#8211; Extens\u00e3o: 3,0 m &#8211; Para Baterias: 12\/24 V a 80Ah &#8211; Bitola do cobre: [&hellip;]<\/p>\n","protected":false},"featured_media":1486,"template":"","meta":{"_exactmetrics_skip_tracking":false,"_exactmetrics_sitenote_active":false,"_exactmetrics_sitenote_note":"","_exactmetrics_sitenote_category":0},"product_cat":[24],"product_tag":[],"class_list":{"0":"post-1487","1":"product","2":"type-product","3":"status-publish","4":"has-post-thumbnail","6":"product_cat-eletricas","8":"first","9":"instock","10":"taxable","11":"shipping-taxable","12":"product-type-simple"},"_links":{"self":[{"href":"https:\/\/www.profiautos.com.br\/novosite\/wp-json\/wp\/v2\/product\/1487"}],"collection":[{"href":"https:\/\/www.profiautos.com.br\/novosite\/wp-json\/wp\/v2\/product"}],"about":[{"href":"https:\/\/www.profiautos.com.br\/novosite\/wp-json\/wp\/v2\/types\/product"}],"wp:featuredmedia":[{"embeddable":true,"href":"https:\/\/www.profiautos.com.br\/novosite\/wp-json\/wp\/v2\/media\/1486"}],"wp:attachment":[{"href":"https:\/\/www.profiautos.com.br\/novosite\/wp-json\/wp\/v2\/media?parent=1487"}],"wp:term":[{"taxonomy":"product_cat","embeddable":true,"href":"https:\/\/www.profiautos.com.br\/novosite\/wp-json\/wp\/v2\/product_cat?post=1487"},{"taxonomy":"product_tag","embeddable":true,"href":"https:\/\/www.profiautos.com.br\/novosite\/wp-json\/wp\/v2\/product_tag?post=1487"}],"curies":[{"name":"wp","href":"https:\/\/api.w.org\/{rel}","templated":true}]}}