{"id":1478,"date":"2018-03-27T16:09:29","date_gmt":"2018-03-27T19:09:29","guid":{"rendered":"http:\/\/www.profiautos.com.br\/novosite\/?post_type=product&#038;p=1478"},"modified":"2020-08-18T12:11:00","modified_gmt":"2020-08-18T15:11:00","slug":"macaco-jacare-hidraulico-2-tonelada","status":"publish","type":"product","link":"https:\/\/www.profiautos.com.br\/novosite\/produto\/macaco-jacare-hidraulico-2-tonelada\/","title":{"rendered":"MACACO JACAR\u00c9 HIDR\u00c1ULICO 2 TONELADA"},"content":{"rendered":"<p>PARA INFORMA\u00c7\u00d5ES DE VALORES , (85) 9 8732-1854 OU (85) 3034-1103<\/p>\n<p>Macaco hidr\u00e1ulico tipo jacar\u00e9 tem como fun\u00e7\u00e3o principal multiplicar a for\u00e7a, s\u00e3o muito utilizados em oficinas. Com quatro rodas de ferro que proporcionam estabilidade na sustenta\u00e7\u00e3o e praticidade no transporte em terrenos dif\u00edcil acessos. Com o macaco hidr\u00e1ulico longo \u00e9 poss\u00edvel alcan\u00e7ar o centro do objeto a ser levanto sem atrapalhar na opera\u00e7\u00e3o. Possui prato de apoio em alta resist\u00eancia com garras que impedem o escorregamento. Fabricado em material de alta qualidade permitindo maior durabilidade.<\/p>\n<p>&#8211; Cabo altamente resistente<br \/>\n&#8211;\u00a0Prato de apoio em a\u00e7o de alta resist\u00eancia com garras que impedem o escorregamento<br \/>\n&#8211; Pedal de r\u00e1pido acionamento<br \/>\n&#8211;\u00a0Rod\u00edzio de ferro de alta resist\u00eancia<\/p>\n<p><strong>&#8211; Descri\u00e7\u00e3o T\u00e9cnicas:<\/strong><br \/>\n:: Capacidade: 2 toneladas<br \/>\n:: Comprimento: 1300mm<br \/>\n:: Largura: 150mm<br \/>\n:: Altura m\u00e1xima: 600mm<br \/>\n:: Altura m\u00ednima: 132mm<br \/>\n:: Peso: 55Kg<\/p>\n","protected":false},"excerpt":{"rendered":"<p>PARA INFORMA\u00c7\u00d5ES DE VALORES , (85) 9 8732-1854 OU (85) 3034-1103 Macaco hidr\u00e1ulico tipo jacar\u00e9 tem como fun\u00e7\u00e3o principal multiplicar a for\u00e7a, s\u00e3o muito utilizados em oficinas. Com quatro rodas de ferro que proporcionam estabilidade na sustenta\u00e7\u00e3o e praticidade no transporte em terrenos dif\u00edcil acessos. Com o macaco hidr\u00e1ulico longo \u00e9 poss\u00edvel alcan\u00e7ar o centro [&hellip;]<\/p>\n","protected":false},"featured_media":1479,"template":"","meta":{"_exactmetrics_skip_tracking":false,"_exactmetrics_sitenote_active":false,"_exactmetrics_sitenote_note":"","_exactmetrics_sitenote_category":0},"product_cat":[28],"product_tag":[],"class_list":{"0":"post-1478","1":"product","2":"type-product","3":"status-publish","4":"has-post-thumbnail","6":"product_cat-ar-condicionado","8":"first","9":"instock","10":"taxable","11":"shipping-taxable","12":"product-type-simple"},"_links":{"self":[{"href":"https:\/\/www.profiautos.com.br\/novosite\/wp-json\/wp\/v2\/product\/1478"}],"collection":[{"href":"https:\/\/www.profiautos.com.br\/novosite\/wp-json\/wp\/v2\/product"}],"about":[{"href":"https:\/\/www.profiautos.com.br\/novosite\/wp-json\/wp\/v2\/types\/product"}],"wp:featuredmedia":[{"embeddable":true,"href":"https:\/\/www.profiautos.com.br\/novosite\/wp-json\/wp\/v2\/media\/1479"}],"wp:attachment":[{"href":"https:\/\/www.profiautos.com.br\/novosite\/wp-json\/wp\/v2\/media?parent=1478"}],"wp:term":[{"taxonomy":"product_cat","embeddable":true,"href":"https:\/\/www.profiautos.com.br\/novosite\/wp-json\/wp\/v2\/product_cat?post=1478"},{"taxonomy":"product_tag","embeddable":true,"href":"https:\/\/www.profiautos.com.br\/novosite\/wp-json\/wp\/v2\/product_tag?post=1478"}],"curies":[{"name":"wp","href":"https:\/\/api.w.org\/{rel}","templated":true}]}}