{"id":1468,"date":"2018-04-03T09:02:21","date_gmt":"2018-04-03T12:02:21","guid":{"rendered":"http:\/\/www.profiautos.com.br\/novosite\/?post_type=product&#038;p=1468"},"modified":"2020-08-18T15:15:30","modified_gmt":"2020-08-18T18:15:30","slug":"maleta-de-ferramenta-de-186-pecas-eda","status":"publish","type":"product","link":"https:\/\/www.profiautos.com.br\/novosite\/produto\/maleta-de-ferramenta-de-186-pecas-eda\/","title":{"rendered":"MALETA DE FERRAMENTA DE 186 PE\u00c7AS &#8211; EDA"},"content":{"rendered":"<p>PARA INFORMA\u00c7\u00d5ES DE VALORES , (85) 9 8732-1854 OU (85) 3034-1103<\/p>\n<p>A maleta \/ mala de ferramentas da EDA possui 186 pe\u00e7as, entre chaves de fenda, phillips, allen, alicates, soquetes, parafusos, porta bits, entre outras. Al\u00e9m das ferramentas, o produto acompanha a maleta com rodinhas para armazenamento e transporte, com al\u00e7a para regulagem de altura e chave para travamento (veja detalhes nas fotos).<\/p>\n<p>As ferramentas s\u00e3o produzidas com os metais Chromiun e Vanadium, trazendo maior dureza e resist\u00eancia em sua utiliza\u00e7\u00e3o. Desta forma, voc\u00ea poder\u00e1 utilizar as ferramentas tanto em sua casa como em trabalhos profissionais.<\/p>\n","protected":false},"excerpt":{"rendered":"<p>PARA INFORMA\u00c7\u00d5ES DE VALORES , (85) 9 8732-1854 OU (85) 3034-1103 A maleta \/ mala de ferramentas da EDA possui 186 pe\u00e7as, entre chaves de fenda, phillips, allen, alicates, soquetes, parafusos, porta bits, entre outras. Al\u00e9m das ferramentas, o produto acompanha a maleta com rodinhas para armazenamento e transporte, com al\u00e7a para regulagem de altura [&hellip;]<\/p>\n","protected":false},"featured_media":1616,"template":"","meta":{"_exactmetrics_skip_tracking":false,"_exactmetrics_sitenote_active":false,"_exactmetrics_sitenote_note":"","_exactmetrics_sitenote_category":0},"product_cat":[25],"product_tag":[],"class_list":{"0":"post-1468","1":"product","2":"type-product","3":"status-publish","4":"has-post-thumbnail","6":"product_cat-especiais","8":"first","9":"instock","10":"taxable","11":"shipping-taxable","12":"product-type-simple"},"_links":{"self":[{"href":"https:\/\/www.profiautos.com.br\/novosite\/wp-json\/wp\/v2\/product\/1468"}],"collection":[{"href":"https:\/\/www.profiautos.com.br\/novosite\/wp-json\/wp\/v2\/product"}],"about":[{"href":"https:\/\/www.profiautos.com.br\/novosite\/wp-json\/wp\/v2\/types\/product"}],"wp:featuredmedia":[{"embeddable":true,"href":"https:\/\/www.profiautos.com.br\/novosite\/wp-json\/wp\/v2\/media\/1616"}],"wp:attachment":[{"href":"https:\/\/www.profiautos.com.br\/novosite\/wp-json\/wp\/v2\/media?parent=1468"}],"wp:term":[{"taxonomy":"product_cat","embeddable":true,"href":"https:\/\/www.profiautos.com.br\/novosite\/wp-json\/wp\/v2\/product_cat?post=1468"},{"taxonomy":"product_tag","embeddable":true,"href":"https:\/\/www.profiautos.com.br\/novosite\/wp-json\/wp\/v2\/product_tag?post=1468"}],"curies":[{"name":"wp","href":"https:\/\/api.w.org\/{rel}","templated":true}]}}