{"id":1458,"date":"2022-04-04T13:00:02","date_gmt":"2022-04-04T16:00:02","guid":{"rendered":"http:\/\/www.profiautos.com.br\/novosite\/?post_type=product&#038;p=1458"},"modified":"2025-10-21T15:49:25","modified_gmt":"2025-10-21T18:49:25","slug":"correia-dentada","status":"publish","type":"product","link":"https:\/\/www.profiautos.com.br\/novosite\/produto\/correia-dentada\/","title":{"rendered":"CORREIA DENTADA"},"content":{"rendered":"<p><strong>CORREIA DENTADA<\/strong><\/p>\n<p><strong>Objetivo: <\/strong>Capacitar auxiliares de mec\u00e2nico, mec\u00e2nico, vendedores e p\u00fablico em geral a fazer remo\u00e7\u00e3o, inspe\u00e7\u00e3o e montagem do conjunto de correia dentada e rolamento tensor.<\/p>\n<p><strong>CONTE\u00daDO PROGRAM\u00c1TICO:<\/strong><\/p>\n<ul>\n<li>Fun\u00e7\u00e3o da Correia Dentada;<\/li>\n<li>Aula pr\u00e1tica da Substitui\u00e7\u00e3o da Correia Do Gol Power 1.0 \u2013 16 V\u00e1lvulas;<\/li>\n<li>Substitui\u00e7\u00e3o da Correia da Strada 2013 \u2013 8 V\u00e1lvulas Flex;<\/li>\n<li>Funcionamento do Motor de 4 Tempos;<\/li>\n<li>Remo\u00e7\u00e3o da Correia Dentada;<\/li>\n<li>Substitui\u00e7\u00e3o do Rolamento do Tensor;<\/li>\n<li>An\u00e1lise de Ru\u00eddo;<\/li>\n<li>Uso de Ferramentas de Sincronismo;<\/li>\n<li>Uso do Torqu\u00edmetro, etc.<\/li>\n<\/ul>\n<p><strong>Dura\u00e7\u00e3o: <\/strong>1 Semana (10 hrs);<\/p>\n<p><strong>Hor\u00e1rio das aulas:<\/strong> Segunda a Quinta (19:00 \u00e0s 21:30);<\/p>\n<p><strong>In\u00edcio: <\/strong>03\/11\/2025 (Previs\u00e3o);<\/p>\n<p><strong>Incluso:<\/strong> Material Did\u00e1tico e Certificado de Participa\u00e7\u00e3o;<\/p>\n<p><b>Formas de Pagamento: <\/b>A\u00a0vista ou em at\u00e9 3x sem juros\u00a0Cart\u00e3o de Cr\u00e9dito.<\/p>\n","protected":false},"excerpt":{"rendered":"<p>CORREIA DENTADA Objetivo: Capacitar auxiliares de mec\u00e2nico, mec\u00e2nico, vendedores e p\u00fablico em geral a fazer remo\u00e7\u00e3o, inspe\u00e7\u00e3o e montagem do conjunto de correia dentada e rolamento tensor. CONTE\u00daDO PROGRAM\u00c1TICO: Fun\u00e7\u00e3o da Correia Dentada; Aula pr\u00e1tica da Substitui\u00e7\u00e3o da Correia Do Gol Power 1.0 \u2013 16 V\u00e1lvulas; Substitui\u00e7\u00e3o da Correia da Strada 2013 \u2013 8 V\u00e1lvulas [&hellip;]<\/p>\n","protected":false},"featured_media":3477,"template":"","meta":{"_exactmetrics_skip_tracking":false,"_exactmetrics_sitenote_active":false,"_exactmetrics_sitenote_note":"","_exactmetrics_sitenote_category":0},"product_cat":[8,14],"product_tag":[],"class_list":{"0":"post-1458","1":"product","2":"type-product","3":"status-publish","4":"has-post-thumbnail","6":"product_cat-cursos-automotivos","7":"product_cat-cursos-com-matriculas-abertas","9":"first","10":"instock","11":"taxable","12":"shipping-taxable","13":"purchasable","14":"product-type-simple"},"_links":{"self":[{"href":"https:\/\/www.profiautos.com.br\/novosite\/wp-json\/wp\/v2\/product\/1458"}],"collection":[{"href":"https:\/\/www.profiautos.com.br\/novosite\/wp-json\/wp\/v2\/product"}],"about":[{"href":"https:\/\/www.profiautos.com.br\/novosite\/wp-json\/wp\/v2\/types\/product"}],"wp:featuredmedia":[{"embeddable":true,"href":"https:\/\/www.profiautos.com.br\/novosite\/wp-json\/wp\/v2\/media\/3477"}],"wp:attachment":[{"href":"https:\/\/www.profiautos.com.br\/novosite\/wp-json\/wp\/v2\/media?parent=1458"}],"wp:term":[{"taxonomy":"product_cat","embeddable":true,"href":"https:\/\/www.profiautos.com.br\/novosite\/wp-json\/wp\/v2\/product_cat?post=1458"},{"taxonomy":"product_tag","embeddable":true,"href":"https:\/\/www.profiautos.com.br\/novosite\/wp-json\/wp\/v2\/product_tag?post=1458"}],"curies":[{"name":"wp","href":"https:\/\/api.w.org\/{rel}","templated":true}]}}