{"id":1453,"date":"2018-03-08T10:25:00","date_gmt":"2018-03-08T13:25:00","guid":{"rendered":"http:\/\/www.profiautos.com.br\/novosite\/?post_type=product&#038;p=1453"},"modified":"2020-08-18T17:04:28","modified_gmt":"2020-08-18T20:04:28","slug":"maleta-de-ferramentas-da-king-tony","status":"publish","type":"product","link":"https:\/\/www.profiautos.com.br\/novosite\/produto\/maleta-de-ferramentas-da-king-tony\/","title":{"rendered":"MALETA VAZIA DA KING TONY"},"content":{"rendered":"<p>&nbsp;<\/p>\n<p>PARA INFORMA\u00c7\u00d5ES DE VALORES , (85) 9 8732-1854 OU (85) 3034-1103<\/p>\n<p>&nbsp;<\/p>\n<p>Caixa sanfonada<br \/>\n&#x25aa; Estrutura refor\u00e7ada em chapa de a\u00e7o conformado<br \/>\n&#x25aa; Pintura eletrost\u00e1tica<br \/>\n&#x25aa; Mantas emborrachadas em todos os compartimentos<br \/>\n&#x25aa; Al\u00e7a tubular com dobradi\u00e7a curvada<br \/>\n&#x25aa; 5 compartimentos em 3 n\u00edveis<\/p>\n","protected":false},"excerpt":{"rendered":"<p>&nbsp; PARA INFORMA\u00c7\u00d5ES DE VALORES , (85) 9 8732-1854 OU (85) 3034-1103 &nbsp; Caixa sanfonada &#x25aa; Estrutura refor\u00e7ada em chapa de a\u00e7o conformado &#x25aa; Pintura eletrost\u00e1tica &#x25aa; Mantas emborrachadas em todos os compartimentos &#x25aa; Al\u00e7a tubular com dobradi\u00e7a curvada &#x25aa; 5 compartimentos em 3 n\u00edveis<\/p>\n","protected":false},"featured_media":1454,"template":"","meta":{"_exactmetrics_skip_tracking":false,"_exactmetrics_sitenote_active":false,"_exactmetrics_sitenote_note":"","_exactmetrics_sitenote_category":0},"product_cat":[30],"product_tag":[],"class_list":{"0":"post-1453","1":"product","2":"type-product","3":"status-publish","4":"has-post-thumbnail","6":"product_cat-ferramentas","8":"first","9":"instock","10":"taxable","11":"shipping-taxable","12":"product-type-simple"},"_links":{"self":[{"href":"https:\/\/www.profiautos.com.br\/novosite\/wp-json\/wp\/v2\/product\/1453"}],"collection":[{"href":"https:\/\/www.profiautos.com.br\/novosite\/wp-json\/wp\/v2\/product"}],"about":[{"href":"https:\/\/www.profiautos.com.br\/novosite\/wp-json\/wp\/v2\/types\/product"}],"wp:featuredmedia":[{"embeddable":true,"href":"https:\/\/www.profiautos.com.br\/novosite\/wp-json\/wp\/v2\/media\/1454"}],"wp:attachment":[{"href":"https:\/\/www.profiautos.com.br\/novosite\/wp-json\/wp\/v2\/media?parent=1453"}],"wp:term":[{"taxonomy":"product_cat","embeddable":true,"href":"https:\/\/www.profiautos.com.br\/novosite\/wp-json\/wp\/v2\/product_cat?post=1453"},{"taxonomy":"product_tag","embeddable":true,"href":"https:\/\/www.profiautos.com.br\/novosite\/wp-json\/wp\/v2\/product_tag?post=1453"}],"curies":[{"name":"wp","href":"https:\/\/api.w.org\/{rel}","templated":true}]}}