{"id":1445,"date":"2018-03-08T09:59:34","date_gmt":"2018-03-08T12:59:34","guid":{"rendered":"http:\/\/www.profiautos.com.br\/novosite\/?post_type=product&#038;p=1445"},"modified":"2020-08-18T17:05:56","modified_gmt":"2020-08-18T20:05:56","slug":"pingadeira-de-oleo","status":"publish","type":"product","link":"https:\/\/www.profiautos.com.br\/novosite\/produto\/pingadeira-de-oleo\/","title":{"rendered":"PINGADEIRA DE \u00d3LEO"},"content":{"rendered":"<p>PARA INFORMA\u00c7\u00d5ES DE VALORES , (85) 9 8732-1854 OU (85) 3034-1103<\/p>\n<p>&nbsp;<\/p>\n<p>&#8211; Pingadeira para \u00f3leo<br \/>\n&#8211; Capacidade: 40 litros<br \/>\n&#8211; Com trip\u00e9 e orif\u00edcios porta-funis<br \/>\n&#8211; Reservat\u00f3rio em a\u00e7o<br \/>\n&#8211; Provido de torneira para esgotamento<\/p>\n","protected":false},"excerpt":{"rendered":"<p>PARA INFORMA\u00c7\u00d5ES DE VALORES , (85) 9 8732-1854 OU (85) 3034-1103 &nbsp; &#8211; Pingadeira para \u00f3leo &#8211; Capacidade: 40 litros &#8211; Com trip\u00e9 e orif\u00edcios porta-funis &#8211; Reservat\u00f3rio em a\u00e7o &#8211; Provido de torneira para esgotamento<\/p>\n","protected":false},"featured_media":1446,"template":"","meta":{"_exactmetrics_skip_tracking":false,"_exactmetrics_sitenote_active":false,"_exactmetrics_sitenote_note":"","_exactmetrics_sitenote_category":0},"product_cat":[30],"product_tag":[],"class_list":{"0":"post-1445","1":"product","2":"type-product","3":"status-publish","4":"has-post-thumbnail","6":"product_cat-ferramentas","8":"first","9":"instock","10":"taxable","11":"shipping-taxable","12":"product-type-simple"},"_links":{"self":[{"href":"https:\/\/www.profiautos.com.br\/novosite\/wp-json\/wp\/v2\/product\/1445"}],"collection":[{"href":"https:\/\/www.profiautos.com.br\/novosite\/wp-json\/wp\/v2\/product"}],"about":[{"href":"https:\/\/www.profiautos.com.br\/novosite\/wp-json\/wp\/v2\/types\/product"}],"wp:featuredmedia":[{"embeddable":true,"href":"https:\/\/www.profiautos.com.br\/novosite\/wp-json\/wp\/v2\/media\/1446"}],"wp:attachment":[{"href":"https:\/\/www.profiautos.com.br\/novosite\/wp-json\/wp\/v2\/media?parent=1445"}],"wp:term":[{"taxonomy":"product_cat","embeddable":true,"href":"https:\/\/www.profiautos.com.br\/novosite\/wp-json\/wp\/v2\/product_cat?post=1445"},{"taxonomy":"product_tag","embeddable":true,"href":"https:\/\/www.profiautos.com.br\/novosite\/wp-json\/wp\/v2\/product_tag?post=1445"}],"curies":[{"name":"wp","href":"https:\/\/api.w.org\/{rel}","templated":true}]}}