{"id":1440,"date":"2018-03-08T09:12:09","date_gmt":"2018-03-08T12:12:09","guid":{"rendered":"http:\/\/www.profiautos.com.br\/novosite\/?post_type=product&#038;p=1440"},"modified":"2021-07-08T10:23:25","modified_gmt":"2021-07-08T13:23:25","slug":"medidor-de-pressao-de-oleo","status":"publish","type":"product","link":"https:\/\/www.profiautos.com.br\/novosite\/produto\/medidor-de-pressao-de-oleo\/","title":{"rendered":"MEDIDOR DE PRESS\u00c3O DE OLEO"},"content":{"rendered":"<p>\u2022 Equipamento utilizado para medir press\u00e3o da bomba de \u00f3leo dos\u00a0 motores \u00e1 gasolina\\etanol e diesel<br \/>\n\u2022 O aparelho possui cinco (5) adaptadores mais um (1) cotovelo para ser usado em lugares de dif\u00edcil acesso<br \/>\n\u2022 Man\u00f4metro de 2 polegadas com duas escala de press\u00e3o (0 \u00e0 10 bar e 0 \u00e0 150 psi)<br \/>\n\u2022 Possui capa protetora de borracha no man\u00f4metro<br \/>\n\u2022\u00a0<strong>Constitu\u00eddo de:<br \/>\n<\/strong>&#8211; 1 Corpo com Man\u00f4metro e mangueira<br \/>\n&#8211; 1 Caixa para acomoda\u00e7\u00e3o<br \/>\n&#8211; 4 Adaptadores + Cotovelo 90 Graus para lugares de dif\u00edcil acesso<br \/>\n&#8211; 1 Manual de instru\u00e7\u00f5es .<\/p>\n","protected":false},"excerpt":{"rendered":"<p>\u2022 Equipamento utilizado para medir press\u00e3o da bomba de \u00f3leo dos\u00a0 motores \u00e1 gasolina\\etanol e diesel \u2022 O aparelho possui cinco (5) adaptadores mais um (1) cotovelo para ser usado em lugares de dif\u00edcil acesso \u2022 Man\u00f4metro de 2 polegadas com duas escala de press\u00e3o (0 \u00e0 10 bar e 0 \u00e0 150 psi) \u2022 [&hellip;]<\/p>\n","protected":false},"featured_media":1441,"template":"","meta":{"_exactmetrics_skip_tracking":false,"_exactmetrics_sitenote_active":false,"_exactmetrics_sitenote_note":"","_exactmetrics_sitenote_category":0},"product_cat":[27],"product_tag":[],"class_list":{"0":"post-1440","1":"product","2":"type-product","3":"status-publish","4":"has-post-thumbnail","6":"product_cat-oleo","8":"first","9":"instock","10":"taxable","11":"shipping-taxable","12":"product-type-simple"},"_links":{"self":[{"href":"https:\/\/www.profiautos.com.br\/novosite\/wp-json\/wp\/v2\/product\/1440"}],"collection":[{"href":"https:\/\/www.profiautos.com.br\/novosite\/wp-json\/wp\/v2\/product"}],"about":[{"href":"https:\/\/www.profiautos.com.br\/novosite\/wp-json\/wp\/v2\/types\/product"}],"wp:featuredmedia":[{"embeddable":true,"href":"https:\/\/www.profiautos.com.br\/novosite\/wp-json\/wp\/v2\/media\/1441"}],"wp:attachment":[{"href":"https:\/\/www.profiautos.com.br\/novosite\/wp-json\/wp\/v2\/media?parent=1440"}],"wp:term":[{"taxonomy":"product_cat","embeddable":true,"href":"https:\/\/www.profiautos.com.br\/novosite\/wp-json\/wp\/v2\/product_cat?post=1440"},{"taxonomy":"product_tag","embeddable":true,"href":"https:\/\/www.profiautos.com.br\/novosite\/wp-json\/wp\/v2\/product_tag?post=1440"}],"curies":[{"name":"wp","href":"https:\/\/api.w.org\/{rel}","templated":true}]}}