{"id":1413,"date":"2018-02-09T09:56:52","date_gmt":"2018-02-09T12:56:52","guid":{"rendered":"http:\/\/www.profiautos.com.br\/novosite\/?post_type=product&#038;p=1413"},"modified":"2021-07-08T10:23:44","modified_gmt":"2021-07-08T13:23:44","slug":"jogo-saca-filtro-de-oleo-13-pecas","status":"publish","type":"product","link":"https:\/\/www.profiautos.com.br\/novosite\/produto\/jogo-saca-filtro-de-oleo-13-pecas\/","title":{"rendered":"JOGO SACA FILTRO DE OLEO 13 PE\u00c7AS"},"content":{"rendered":"<p>Jogo de saca filtro de \u00f3leo<br \/>\n\u2022 Desenvolvido especialmente para troca de filtro de \u00f3leo<br \/>\n\u2022 Dimens\u00f5es do estojo porta-ferramenta 500 x 195mm<br \/>\n\u2022 Composi\u00e7\u00e3o: 13 pe\u00e7as, sendo elas:<br \/>\n&#8211; 2 chaves allen com medidas de 5mm e 6mm<br \/>\n&#8211; 1 adaptador 8mm<br \/>\n&#8211; 1 chave soquete H8 de 1\/2&#8243;<br \/>\n&#8211; 1 chave soquete H12 de 1\/2&#8243;<br \/>\n&#8211; 1 chave soquete tipo Torx T52 de 1\/2&#8243;<br \/>\n&#8211; 1 chave soquete multidentada M16<br \/>\n&#8211; 1 saca filtro de corrente \u00d860 &#8211; \u00d8140<br \/>\n&#8211; 1 saca filtro 3 garras 63 ~ 120mm<br \/>\n&#8211; 1 saca filtro tipo copo 66mm de 6 lados &#8211; Renault<br \/>\n&#8211; 1 saca filtro tipo copo 76mm e 8 lados &#8211; Fiat, GM, VW, Ford e Audi<br \/>\n&#8211; 1 saca filtro tipo copo 76mm de 14 lados &#8211; Fiat, GM, VW e Audi<br \/>\n&#8211; 1 saca filtro tipo copo 93mm de 15 lados &#8211; Fiat<br \/>\n&#8211; 1 adaptador 1\/2&#8243;<br \/>\n\u2022 Marca: KING TONY<\/p>\n","protected":false},"excerpt":{"rendered":"<p>Jogo de saca filtro de \u00f3leo \u2022 Desenvolvido especialmente para troca de filtro de \u00f3leo \u2022 Dimens\u00f5es do estojo porta-ferramenta 500 x 195mm \u2022 Composi\u00e7\u00e3o: 13 pe\u00e7as, sendo elas: &#8211; 2 chaves allen com medidas de 5mm e 6mm &#8211; 1 adaptador 8mm &#8211; 1 chave soquete H8 de 1\/2&#8243; &#8211; 1 chave soquete H12 [&hellip;]<\/p>\n","protected":false},"featured_media":1414,"template":"","meta":{"_exactmetrics_skip_tracking":false,"_exactmetrics_sitenote_active":false,"_exactmetrics_sitenote_note":"","_exactmetrics_sitenote_category":0},"product_cat":[27],"product_tag":[],"class_list":{"0":"post-1413","1":"product","2":"type-product","3":"status-publish","4":"has-post-thumbnail","6":"product_cat-oleo","8":"first","9":"instock","10":"taxable","11":"shipping-taxable","12":"product-type-simple"},"_links":{"self":[{"href":"https:\/\/www.profiautos.com.br\/novosite\/wp-json\/wp\/v2\/product\/1413"}],"collection":[{"href":"https:\/\/www.profiautos.com.br\/novosite\/wp-json\/wp\/v2\/product"}],"about":[{"href":"https:\/\/www.profiautos.com.br\/novosite\/wp-json\/wp\/v2\/types\/product"}],"wp:featuredmedia":[{"embeddable":true,"href":"https:\/\/www.profiautos.com.br\/novosite\/wp-json\/wp\/v2\/media\/1414"}],"wp:attachment":[{"href":"https:\/\/www.profiautos.com.br\/novosite\/wp-json\/wp\/v2\/media?parent=1413"}],"wp:term":[{"taxonomy":"product_cat","embeddable":true,"href":"https:\/\/www.profiautos.com.br\/novosite\/wp-json\/wp\/v2\/product_cat?post=1413"},{"taxonomy":"product_tag","embeddable":true,"href":"https:\/\/www.profiautos.com.br\/novosite\/wp-json\/wp\/v2\/product_tag?post=1413"}],"curies":[{"name":"wp","href":"https:\/\/api.w.org\/{rel}","templated":true}]}}