{"id":1411,"date":"2022-03-16T16:30:37","date_gmt":"2022-03-16T19:30:37","guid":{"rendered":"http:\/\/www.profiautos.com.br\/novosite\/?post_type=product&#038;p=1411"},"modified":"2025-10-09T12:26:42","modified_gmt":"2025-10-09T15:26:42","slug":"1411","status":"publish","type":"product","link":"https:\/\/www.profiautos.com.br\/novosite\/produto\/1411\/","title":{"rendered":"REPARO DE CENTRAL"},"content":{"rendered":"<p><strong>REPARO DE CENTRAL<br \/>\n<\/strong><\/p>\n<p><strong>Objetivo:<\/strong> Formar profissionais para efetuarem reparo em centrais de inje\u00e7\u00e3o eletr\u00f4nica.<\/p>\n<p><strong>Requisito:<\/strong> Conhecimento de El\u00e9trica e Inje\u00e7\u00e3o.<\/p>\n<p>&nbsp;<\/p>\n<p><strong>CONTE\u00daDO PROGRAM\u00c1TICO:<\/strong><\/p>\n<p><strong>Eletr\u00f4nica B\u00e1sica<\/strong><\/p>\n<p>&#8211; Conceitos b\u00e1sicos de el\u00e9trica e eletr\u00f4nica aplicados ao m\u00f3dulo de inje\u00e7\u00e3o, disserta\u00e7\u00e3o sobre os componentes eletr\u00f4nicos bem como sua fun\u00e7\u00e3o, leitura de valores e testes dos mesmos, al\u00e9m de conceitos b\u00e1sicos sobre eletr\u00f4nica digital<\/p>\n<p><strong>Soldagem de Componentes PTH e SMD<\/strong><\/p>\n<p>&#8211; Pr\u00e1tica de retirada e soldagem de componentes de uma placa de circuito impresso.<\/p>\n<p><strong>Teoria de Repara\u00e7\u00e3o e Mapeamento<\/strong><\/p>\n<p>&#8211; Neste sess\u00e3o ser\u00e1 apresentado aos participantes no\u00e7\u00f5es importantes sobre a arquitetura interna da ECU e a forma como os sinais trafegam dentro do circuito. Tamb\u00e9m teremos nesta mesma sess\u00e3o um estudo detalhado sobre os sinais el\u00e9tricos que encontramos em uma ECU, entre eles est\u00e3o: sinais anal\u00f3gicos, sinais digitais e sinais PWM (pulso com largura modulada). T\u00e9cnicas de leitura de esquema el\u00e9trico e suas simbologias mais comuns. Uso de programador de Eprons (DIP\/PLCC\/PSOP) e uso de programadores com fun\u00e7\u00f5es de tele carregamento (ST10 e OBDTRONIC).<\/p>\n<p><strong>Teoria de Reparo aplicada<\/strong><\/p>\n<p>&#8211; Neste dia espec\u00edfico faremos atividades relacionadas ao reparo como por exemplo: A utiliza\u00e7\u00e3o de simulador de ECU\u2019s com o cabo universal, oscilosc\u00f3pio, scanner e t\u00e9cnicas de mapeamento (identifica\u00e7\u00e3o do componente respons\u00e1vel por alguma a\u00e7\u00e3o da ECU).<\/p>\n<p><strong>Work Shop e Repara\u00e7\u00e3o de ECU\u2019s<\/strong><\/p>\n<p>&#8211; Neste dia ser\u00e1 abrangido as falhas mais comuns das ECU\u2019s e suas poss\u00edveis solu\u00e7\u00f5es em seguida faremos a repara\u00e7\u00e3o na pr\u00e1tica utilizando todas as informa\u00e7\u00f5es propostas no curso.<\/p>\n<p>&nbsp;<\/p>\n<p><strong>Dura\u00e7\u00e3o:<\/strong>\u00a0 4 DIAS (28 Horas);<\/p>\n<p><strong>Data: <\/strong>13\/01\/26;<\/p>\n<p><strong>Hor\u00e1rio:<\/strong> 08:30 \u00e0s 16:30 horas;<\/p>\n<p><strong>Formas de Pagamento:<\/strong>\u00a0A vista ou em at\u00e9 6x sem juros no Cart\u00e3o de Cr\u00e9dito;<\/p>\n<p><strong>Incluso:<\/strong> Material Did\u00e1tico e Certificado de Participa\u00e7\u00e3o.<\/p>\n","protected":false},"excerpt":{"rendered":"<p>REPARO DE CENTRAL Objetivo: Formar profissionais para efetuarem reparo em centrais de inje\u00e7\u00e3o eletr\u00f4nica. Requisito: Conhecimento de El\u00e9trica e Inje\u00e7\u00e3o. &nbsp; CONTE\u00daDO PROGRAM\u00c1TICO: Eletr\u00f4nica B\u00e1sica &#8211; Conceitos b\u00e1sicos de el\u00e9trica e eletr\u00f4nica aplicados ao m\u00f3dulo de inje\u00e7\u00e3o, disserta\u00e7\u00e3o sobre os componentes eletr\u00f4nicos bem como sua fun\u00e7\u00e3o, leitura de valores e testes dos mesmos, al\u00e9m de [&hellip;]<\/p>\n","protected":false},"featured_media":3730,"template":"","meta":{"_exactmetrics_skip_tracking":false,"_exactmetrics_sitenote_active":false,"_exactmetrics_sitenote_note":"","_exactmetrics_sitenote_category":0},"product_cat":[8,14],"product_tag":[],"class_list":{"0":"post-1411","1":"product","2":"type-product","3":"status-publish","4":"has-post-thumbnail","6":"product_cat-cursos-automotivos","7":"product_cat-cursos-com-matriculas-abertas","9":"first","10":"instock","11":"taxable","12":"shipping-taxable","13":"purchasable","14":"product-type-simple"},"_links":{"self":[{"href":"https:\/\/www.profiautos.com.br\/novosite\/wp-json\/wp\/v2\/product\/1411"}],"collection":[{"href":"https:\/\/www.profiautos.com.br\/novosite\/wp-json\/wp\/v2\/product"}],"about":[{"href":"https:\/\/www.profiautos.com.br\/novosite\/wp-json\/wp\/v2\/types\/product"}],"wp:featuredmedia":[{"embeddable":true,"href":"https:\/\/www.profiautos.com.br\/novosite\/wp-json\/wp\/v2\/media\/3730"}],"wp:attachment":[{"href":"https:\/\/www.profiautos.com.br\/novosite\/wp-json\/wp\/v2\/media?parent=1411"}],"wp:term":[{"taxonomy":"product_cat","embeddable":true,"href":"https:\/\/www.profiautos.com.br\/novosite\/wp-json\/wp\/v2\/product_cat?post=1411"},{"taxonomy":"product_tag","embeddable":true,"href":"https:\/\/www.profiautos.com.br\/novosite\/wp-json\/wp\/v2\/product_tag?post=1411"}],"curies":[{"name":"wp","href":"https:\/\/api.w.org\/{rel}","templated":true}]}}