{"id":1390,"date":"2018-01-27T09:24:10","date_gmt":"2018-01-27T12:24:10","guid":{"rendered":"http:\/\/www.profiautos.com.br\/novosite\/?post_type=product&#038;p=1390"},"modified":"2020-08-18T17:07:05","modified_gmt":"2020-08-18T20:07:05","slug":"tesoura-para-chapa-robust","status":"publish","type":"product","link":"https:\/\/www.profiautos.com.br\/novosite\/produto\/tesoura-para-chapa-robust\/","title":{"rendered":"TESOURA PARA CHAPA"},"content":{"rendered":"<ul>\n<li>PARA INFORMA\u00c7\u00d5ES DE VALORES , (85) 9 8732-1854 OU (85) 3034-1103\n<p>&nbsp;<\/li>\n<li>Tesoura para chapa;<\/li>\n<\/ul>\n<ul>\n<li>Fabricada em a\u00e7o cromo van\u00e1dio;<\/li>\n<\/ul>\n<ul>\n<li>Porte endurecido por indu\u00e7\u00e3o;<\/li>\n<\/ul>\n<ul>\n<li>Projetado para corte de chapa at\u00e9 0,8mm e a\u00e7o inoxid\u00e1vel at\u00e9 0,6mm de espessura;<\/li>\n<\/ul>\n<ul>\n<li>N\u00e3o \u00e9 recomendado o uso em rede el\u00e9tricas ligadas;<\/li>\n<\/ul>\n<ul>\n<li>Tamanho: 12&#8243;;<\/li>\n<\/ul>\n<ul>\n<li><strong>Marca:<\/strong>\u00a0Robust;<\/li>\n<\/ul>\n","protected":false},"excerpt":{"rendered":"<p>PARA INFORMA\u00c7\u00d5ES DE VALORES , (85) 9 8732-1854 OU (85) 3034-1103 &nbsp; Tesoura para chapa; Fabricada em a\u00e7o cromo van\u00e1dio; Porte endurecido por indu\u00e7\u00e3o; Projetado para corte de chapa at\u00e9 0,8mm e a\u00e7o inoxid\u00e1vel at\u00e9 0,6mm de espessura; N\u00e3o \u00e9 recomendado o uso em rede el\u00e9tricas ligadas; Tamanho: 12&#8243;; Marca:\u00a0Robust;<\/p>\n","protected":false},"featured_media":1391,"template":"","meta":{"_exactmetrics_skip_tracking":false,"_exactmetrics_sitenote_active":false,"_exactmetrics_sitenote_note":"","_exactmetrics_sitenote_category":0},"product_cat":[30],"product_tag":[],"class_list":{"0":"post-1390","1":"product","2":"type-product","3":"status-publish","4":"has-post-thumbnail","6":"product_cat-ferramentas","8":"first","9":"instock","10":"taxable","11":"shipping-taxable","12":"product-type-simple"},"_links":{"self":[{"href":"https:\/\/www.profiautos.com.br\/novosite\/wp-json\/wp\/v2\/product\/1390"}],"collection":[{"href":"https:\/\/www.profiautos.com.br\/novosite\/wp-json\/wp\/v2\/product"}],"about":[{"href":"https:\/\/www.profiautos.com.br\/novosite\/wp-json\/wp\/v2\/types\/product"}],"wp:featuredmedia":[{"embeddable":true,"href":"https:\/\/www.profiautos.com.br\/novosite\/wp-json\/wp\/v2\/media\/1391"}],"wp:attachment":[{"href":"https:\/\/www.profiautos.com.br\/novosite\/wp-json\/wp\/v2\/media?parent=1390"}],"wp:term":[{"taxonomy":"product_cat","embeddable":true,"href":"https:\/\/www.profiautos.com.br\/novosite\/wp-json\/wp\/v2\/product_cat?post=1390"},{"taxonomy":"product_tag","embeddable":true,"href":"https:\/\/www.profiautos.com.br\/novosite\/wp-json\/wp\/v2\/product_tag?post=1390"}],"curies":[{"name":"wp","href":"https:\/\/api.w.org\/{rel}","templated":true}]}}