{"id":1384,"date":"2018-01-27T09:15:19","date_gmt":"2018-01-27T12:15:19","guid":{"rendered":"http:\/\/www.profiautos.com.br\/novosite\/?post_type=product&#038;p=1384"},"modified":"2020-08-18T17:07:49","modified_gmt":"2020-08-18T20:07:49","slug":"conjunto-de-extratores-para-terminais-de-direcao-e-pivos-automoveis","status":"publish","type":"product","link":"https:\/\/www.profiautos.com.br\/novosite\/produto\/conjunto-de-extratores-para-terminais-de-direcao-e-pivos-automoveis\/","title":{"rendered":"CONJUNTO DE EXTRATORES PARA TERMINAIS DE DIRE\u00c7AO E PIVOS AUTOMOVEIS"},"content":{"rendered":"<p>PARA INFORMA\u00c7\u00d5ES DE VALORES , (85) 9 8732-1854 OU (85) 3034-1103<\/p>\n<p>&nbsp;<\/p>\n<p>-Conjunto de extratores de terminais de dire\u00e7\u00e3o e piv\u00f4s de autom\u00f3veis.<\/p>\n<p>-Composto pelos extratores 113098, 113099, 113100, 133165 e 133197.<\/p>\n<p>-Produto fornecido em uma maleta pl\u00e1stica especial.<\/p>\n","protected":false},"excerpt":{"rendered":"<p>PARA INFORMA\u00c7\u00d5ES DE VALORES , (85) 9 8732-1854 OU (85) 3034-1103 &nbsp; -Conjunto de extratores de terminais de dire\u00e7\u00e3o e piv\u00f4s de autom\u00f3veis. -Composto pelos extratores 113098, 113099, 113100, 133165 e 133197. -Produto fornecido em uma maleta pl\u00e1stica especial.<\/p>\n","protected":false},"featured_media":1385,"template":"","meta":{"_exactmetrics_skip_tracking":false,"_exactmetrics_sitenote_active":false,"_exactmetrics_sitenote_note":"","_exactmetrics_sitenote_category":0},"product_cat":[30],"product_tag":[],"class_list":{"0":"post-1384","1":"product","2":"type-product","3":"status-publish","4":"has-post-thumbnail","6":"product_cat-ferramentas","8":"first","9":"instock","10":"taxable","11":"shipping-taxable","12":"product-type-simple"},"_links":{"self":[{"href":"https:\/\/www.profiautos.com.br\/novosite\/wp-json\/wp\/v2\/product\/1384"}],"collection":[{"href":"https:\/\/www.profiautos.com.br\/novosite\/wp-json\/wp\/v2\/product"}],"about":[{"href":"https:\/\/www.profiautos.com.br\/novosite\/wp-json\/wp\/v2\/types\/product"}],"wp:featuredmedia":[{"embeddable":true,"href":"https:\/\/www.profiautos.com.br\/novosite\/wp-json\/wp\/v2\/media\/1385"}],"wp:attachment":[{"href":"https:\/\/www.profiautos.com.br\/novosite\/wp-json\/wp\/v2\/media?parent=1384"}],"wp:term":[{"taxonomy":"product_cat","embeddable":true,"href":"https:\/\/www.profiautos.com.br\/novosite\/wp-json\/wp\/v2\/product_cat?post=1384"},{"taxonomy":"product_tag","embeddable":true,"href":"https:\/\/www.profiautos.com.br\/novosite\/wp-json\/wp\/v2\/product_tag?post=1384"}],"curies":[{"name":"wp","href":"https:\/\/api.w.org\/{rel}","templated":true}]}}