{"id":1380,"date":"2018-01-27T09:09:05","date_gmt":"2018-01-27T12:09:05","guid":{"rendered":"http:\/\/www.profiautos.com.br\/novosite\/?post_type=product&#038;p=1380"},"modified":"2020-08-18T17:08:21","modified_gmt":"2020-08-18T20:08:21","slug":"conjunto-de-ferramentas-para-sincronismo-de-motores-mwm-sprint","status":"publish","type":"product","link":"https:\/\/www.profiautos.com.br\/novosite\/produto\/conjunto-de-ferramentas-para-sincronismo-de-motores-mwm-sprint\/","title":{"rendered":"Conjunto de Ferramentas para Sincronismo de Motores Mwm Sprint"},"content":{"rendered":"<p>PARA INFORMA\u00c7\u00d5ES DE VALORES , (85) 9 8732-1854 OU (85) 3034-1103<\/p>\n<p>&nbsp;<\/p>\n<p>Conjunto de ferramentas para sincronismo de utilit\u00e1rios equipados com motores MWM Sprint e International HS 2.5\/2.8 e NGD 3.0. Composto pelas ferramentas 801264, 801294, 801426, 811003 e 811008.<br \/>\nFam\u00edlia: Motor<br \/>\nPeso: 3,8 kg<\/p>\n","protected":false},"excerpt":{"rendered":"<p>PARA INFORMA\u00c7\u00d5ES DE VALORES , (85) 9 8732-1854 OU (85) 3034-1103 &nbsp; Conjunto de ferramentas para sincronismo de utilit\u00e1rios equipados com motores MWM Sprint e International HS 2.5\/2.8 e NGD 3.0. Composto pelas ferramentas 801264, 801294, 801426, 811003 e 811008. Fam\u00edlia: Motor Peso: 3,8 kg<\/p>\n","protected":false},"featured_media":1381,"template":"","meta":{"_exactmetrics_skip_tracking":false,"_exactmetrics_sitenote_active":false,"_exactmetrics_sitenote_note":"","_exactmetrics_sitenote_category":0},"product_cat":[30],"product_tag":[],"class_list":{"0":"post-1380","1":"product","2":"type-product","3":"status-publish","4":"has-post-thumbnail","6":"product_cat-ferramentas","8":"first","9":"instock","10":"taxable","11":"shipping-taxable","12":"product-type-simple"},"_links":{"self":[{"href":"https:\/\/www.profiautos.com.br\/novosite\/wp-json\/wp\/v2\/product\/1380"}],"collection":[{"href":"https:\/\/www.profiautos.com.br\/novosite\/wp-json\/wp\/v2\/product"}],"about":[{"href":"https:\/\/www.profiautos.com.br\/novosite\/wp-json\/wp\/v2\/types\/product"}],"wp:featuredmedia":[{"embeddable":true,"href":"https:\/\/www.profiautos.com.br\/novosite\/wp-json\/wp\/v2\/media\/1381"}],"wp:attachment":[{"href":"https:\/\/www.profiautos.com.br\/novosite\/wp-json\/wp\/v2\/media?parent=1380"}],"wp:term":[{"taxonomy":"product_cat","embeddable":true,"href":"https:\/\/www.profiautos.com.br\/novosite\/wp-json\/wp\/v2\/product_cat?post=1380"},{"taxonomy":"product_tag","embeddable":true,"href":"https:\/\/www.profiautos.com.br\/novosite\/wp-json\/wp\/v2\/product_tag?post=1380"}],"curies":[{"name":"wp","href":"https:\/\/api.w.org\/{rel}","templated":true}]}}