{"id":1377,"date":"2018-01-27T09:06:13","date_gmt":"2018-01-27T12:06:13","guid":{"rendered":"http:\/\/www.profiautos.com.br\/novosite\/?post_type=product&#038;p=1377"},"modified":"2020-08-18T17:08:38","modified_gmt":"2020-08-18T20:08:38","slug":"conjunto-para-teste-do-sistema-de-arrefecimento","status":"publish","type":"product","link":"https:\/\/www.profiautos.com.br\/novosite\/produto\/conjunto-para-teste-do-sistema-de-arrefecimento\/","title":{"rendered":"CONJUNTO PARA TESTE DO SISTEMA DE ARREFECIMENTO"},"content":{"rendered":"<p>PARA INFORMA\u00c7\u00d5ES DE VALORES , (85) 9 8732-1854 OU (85) 3034-1103<\/p>\n<p>&nbsp;<\/p>\n<p><strong>\u00a0<\/strong><\/p>\n<p><strong>Nome:<\/strong>\u00a0Conjunto para teste do sistema de arrefecimento (e da tampa do reservat\u00f3rio) de autom\u00f3veis e utilit\u00e1rios. Possui bomba (com man\u00f4metro seco) e 11 adaptadores: 109671-02 (GM e Ford), 109671-08 (VW e Audi), 109651-10 (Hyundai, Kia e Nissan), 109651-11 (Honda e Toyota), 109651-13 (Honda, Toyota e Mitsubishi), 109651\/71-14 (Peugeot e Citro\u00ebn), 109651\/71-19 (Renault), 109671-20 (GM, Fiat e Jeep), 109651\/71-21 (Ford), 109671-23 (Fiat), 109651\/71-24 (Toyota) e 109680 (universal para teste do sistema). Confira a aplica\u00e7\u00e3o detalhada de cada adaptador clicando nos links abaixo ou no cat\u00e1logo Autom\u00f3veis 2017\/18.<\/p>\n","protected":false},"excerpt":{"rendered":"<p>PARA INFORMA\u00c7\u00d5ES DE VALORES , (85) 9 8732-1854 OU (85) 3034-1103 &nbsp; \u00a0 Nome:\u00a0Conjunto para teste do sistema de arrefecimento (e da tampa do reservat\u00f3rio) de autom\u00f3veis e utilit\u00e1rios. Possui bomba (com man\u00f4metro seco) e 11 adaptadores: 109671-02 (GM e Ford), 109671-08 (VW e Audi), 109651-10 (Hyundai, Kia e Nissan), 109651-11 (Honda e Toyota), 109651-13 [&hellip;]<\/p>\n","protected":false},"featured_media":1378,"template":"","meta":{"_exactmetrics_skip_tracking":false,"_exactmetrics_sitenote_active":false,"_exactmetrics_sitenote_note":"","_exactmetrics_sitenote_category":0},"product_cat":[30],"product_tag":[],"class_list":{"0":"post-1377","1":"product","2":"type-product","3":"status-publish","4":"has-post-thumbnail","6":"product_cat-ferramentas","8":"first","9":"instock","10":"taxable","11":"shipping-taxable","12":"product-type-simple"},"_links":{"self":[{"href":"https:\/\/www.profiautos.com.br\/novosite\/wp-json\/wp\/v2\/product\/1377"}],"collection":[{"href":"https:\/\/www.profiautos.com.br\/novosite\/wp-json\/wp\/v2\/product"}],"about":[{"href":"https:\/\/www.profiautos.com.br\/novosite\/wp-json\/wp\/v2\/types\/product"}],"wp:featuredmedia":[{"embeddable":true,"href":"https:\/\/www.profiautos.com.br\/novosite\/wp-json\/wp\/v2\/media\/1378"}],"wp:attachment":[{"href":"https:\/\/www.profiautos.com.br\/novosite\/wp-json\/wp\/v2\/media?parent=1377"}],"wp:term":[{"taxonomy":"product_cat","embeddable":true,"href":"https:\/\/www.profiautos.com.br\/novosite\/wp-json\/wp\/v2\/product_cat?post=1377"},{"taxonomy":"product_tag","embeddable":true,"href":"https:\/\/www.profiautos.com.br\/novosite\/wp-json\/wp\/v2\/product_tag?post=1377"}],"curies":[{"name":"wp","href":"https:\/\/api.w.org\/{rel}","templated":true}]}}