{"id":1370,"date":"2018-01-26T16:59:21","date_gmt":"2018-01-26T19:59:21","guid":{"rendered":"http:\/\/www.profiautos.com.br\/novosite\/?post_type=product&#038;p=1370"},"modified":"2020-08-18T17:09:25","modified_gmt":"2020-08-18T20:09:25","slug":"solda-mma-165","status":"publish","type":"product","link":"https:\/\/www.profiautos.com.br\/novosite\/produto\/solda-mma-165\/","title":{"rendered":"SOLDA MMA 165"},"content":{"rendered":"<p>PARA INFORMA\u00c7\u00d5ES DE VALORES , (85) 9 8732-1854 OU (85) 3034-1103<\/p>\n<p>&nbsp;<\/p>\n<p>A m\u00e1quina de solda inversora MMA 165 V8 Brasil, foi projetada para utilizar a tecnologia inversora para soldagem com eletrodo revestido de a\u00e7o carbono, a\u00e7o inox e ferro fundido. N\u00e3o solda alum\u00ednio.<\/p>\n<p>VANTAGENS<\/p>\n<ul>\n<li>Boa penetra\u00e7\u00e3o do cord\u00e3o de solda<\/li>\n<li>Poucos respingos<\/li>\n<li>Possui al\u00e7a para f\u00e1cil transporte<\/li>\n<li>F\u00e1cil manuseio<\/li>\n<li>Baixo peso<\/li>\n<\/ul>\n<p>APLICA\u00c7\u00c3O<\/p>\n<ul>\n<li>Pequenas Ind\u00fastrias<\/li>\n<li>Funilaria<\/li>\n<li>Serralheria<\/li>\n<\/ul>\n<p><strong>ESPECIFICA\u00c7\u00d5ES T\u00c9CNICAS<\/strong><\/p>\n<ul>\n<li>165A<\/li>\n<li>110V ou 220V Monof\u00e1sica<\/li>\n<li>Solda com corrente cont\u00ednua (DC)<\/li>\n<li>Solda chapas de at\u00e9 6mm<\/li>\n<li>Eletrodo 6013: Solda at\u00e9 3,25mm<\/li>\n<li>Eletrodo 7018: Solda at\u00e9 2,5mm<\/li>\n<li>Prote\u00e7\u00e3o t\u00e9rmica<\/li>\n<li>Acompanha Porta Eletrodo e\u00a0Grampo Terra<\/li>\n<li>Acompanha al\u00e7a para transporte<\/li>\n<li>Ciclo de trabalho:\n<ul>\n<li>35% = 165A<\/li>\n<li>60% = 105A<\/li>\n<li>100% = 90A<\/li>\n<\/ul>\n<\/li>\n<\/ul>\n<ul>\n<li>Dimens\u00f5es (CxLxA): 28X12X20cm<\/li>\n<li>Peso: 6,2kg<\/li>\n<\/ul>\n","protected":false},"excerpt":{"rendered":"<p>PARA INFORMA\u00c7\u00d5ES DE VALORES , (85) 9 8732-1854 OU (85) 3034-1103 &nbsp; A m\u00e1quina de solda inversora MMA 165 V8 Brasil, foi projetada para utilizar a tecnologia inversora para soldagem com eletrodo revestido de a\u00e7o carbono, a\u00e7o inox e ferro fundido. N\u00e3o solda alum\u00ednio. VANTAGENS Boa penetra\u00e7\u00e3o do cord\u00e3o de solda Poucos respingos Possui al\u00e7a [&hellip;]<\/p>\n","protected":false},"featured_media":1371,"template":"","meta":{"_exactmetrics_skip_tracking":false,"_exactmetrics_sitenote_active":false,"_exactmetrics_sitenote_note":"","_exactmetrics_sitenote_category":0},"product_cat":[30],"product_tag":[],"class_list":{"0":"post-1370","1":"product","2":"type-product","3":"status-publish","4":"has-post-thumbnail","6":"product_cat-ferramentas","8":"first","9":"instock","10":"taxable","11":"shipping-taxable","12":"product-type-simple"},"_links":{"self":[{"href":"https:\/\/www.profiautos.com.br\/novosite\/wp-json\/wp\/v2\/product\/1370"}],"collection":[{"href":"https:\/\/www.profiautos.com.br\/novosite\/wp-json\/wp\/v2\/product"}],"about":[{"href":"https:\/\/www.profiautos.com.br\/novosite\/wp-json\/wp\/v2\/types\/product"}],"wp:featuredmedia":[{"embeddable":true,"href":"https:\/\/www.profiautos.com.br\/novosite\/wp-json\/wp\/v2\/media\/1371"}],"wp:attachment":[{"href":"https:\/\/www.profiautos.com.br\/novosite\/wp-json\/wp\/v2\/media?parent=1370"}],"wp:term":[{"taxonomy":"product_cat","embeddable":true,"href":"https:\/\/www.profiautos.com.br\/novosite\/wp-json\/wp\/v2\/product_cat?post=1370"},{"taxonomy":"product_tag","embeddable":true,"href":"https:\/\/www.profiautos.com.br\/novosite\/wp-json\/wp\/v2\/product_tag?post=1370"}],"curies":[{"name":"wp","href":"https:\/\/api.w.org\/{rel}","templated":true}]}}