{"id":1353,"date":"2018-01-26T16:06:47","date_gmt":"2018-01-26T19:06:47","guid":{"rendered":"http:\/\/www.profiautos.com.br\/novosite\/?post_type=product&#038;p=1353"},"modified":"2020-08-18T17:10:15","modified_gmt":"2020-08-18T20:10:15","slug":"vulcanizador","status":"publish","type":"product","link":"https:\/\/www.profiautos.com.br\/novosite\/produto\/vulcanizador\/","title":{"rendered":"VULCANIZADORA"},"content":{"rendered":"<p>PARA INFORMA\u00c7\u00d5ES DE VALORES , (85) 9 8732-1854 OU (85) 3034-1103<\/p>\n<p>&nbsp;<\/p>\n<p>\u2022 Vulcanizador para c\u00e2mara de ar<br \/>\n\u2022 Pr\u00f3prio para conserto em c\u00e2mara e v\u00e1lvula de autom\u00f3veis e caminh\u00f5es<br \/>\n\u2022\u00a0Indispens\u00e1vel em qualquer borracharia ou autocenter<br \/>\n\u2022\u00a0Possui controle autom\u00e1tico de temperatura<br \/>\n\u2022\u00a0Guia de bico<br \/>\n\u2022\u00a0Placa de alum\u00ednio fundido sob press\u00e3o polido<\/p>\n<p>\u2022\u00a0<strong>Caracter\u00edsticas T\u00e9cnicas:<\/strong><strong><br \/>\n&#8211;\u00a0<\/strong>Voltagem: 110V<br \/>\n&#8211; Resist\u00eancia: 400W<br \/>\n&#8211; Temperatura de trabalho: 135\u00b0C<\/p>\n","protected":false},"excerpt":{"rendered":"<p>PARA INFORMA\u00c7\u00d5ES DE VALORES , (85) 9 8732-1854 OU (85) 3034-1103 &nbsp; \u2022 Vulcanizador para c\u00e2mara de ar \u2022 Pr\u00f3prio para conserto em c\u00e2mara e v\u00e1lvula de autom\u00f3veis e caminh\u00f5es \u2022\u00a0Indispens\u00e1vel em qualquer borracharia ou autocenter \u2022\u00a0Possui controle autom\u00e1tico de temperatura \u2022\u00a0Guia de bico \u2022\u00a0Placa de alum\u00ednio fundido sob press\u00e3o polido \u2022\u00a0Caracter\u00edsticas T\u00e9cnicas: &#8211;\u00a0Voltagem: 110V [&hellip;]<\/p>\n","protected":false},"featured_media":1356,"template":"","meta":{"_exactmetrics_skip_tracking":false,"_exactmetrics_sitenote_active":false,"_exactmetrics_sitenote_note":"","_exactmetrics_sitenote_category":0},"product_cat":[30],"product_tag":[],"class_list":{"0":"post-1353","1":"product","2":"type-product","3":"status-publish","4":"has-post-thumbnail","6":"product_cat-ferramentas","8":"first","9":"instock","10":"taxable","11":"shipping-taxable","12":"product-type-simple"},"_links":{"self":[{"href":"https:\/\/www.profiautos.com.br\/novosite\/wp-json\/wp\/v2\/product\/1353"}],"collection":[{"href":"https:\/\/www.profiautos.com.br\/novosite\/wp-json\/wp\/v2\/product"}],"about":[{"href":"https:\/\/www.profiautos.com.br\/novosite\/wp-json\/wp\/v2\/types\/product"}],"wp:featuredmedia":[{"embeddable":true,"href":"https:\/\/www.profiautos.com.br\/novosite\/wp-json\/wp\/v2\/media\/1356"}],"wp:attachment":[{"href":"https:\/\/www.profiautos.com.br\/novosite\/wp-json\/wp\/v2\/media?parent=1353"}],"wp:term":[{"taxonomy":"product_cat","embeddable":true,"href":"https:\/\/www.profiautos.com.br\/novosite\/wp-json\/wp\/v2\/product_cat?post=1353"},{"taxonomy":"product_tag","embeddable":true,"href":"https:\/\/www.profiautos.com.br\/novosite\/wp-json\/wp\/v2\/product_tag?post=1353"}],"curies":[{"name":"wp","href":"https:\/\/api.w.org\/{rel}","templated":true}]}}