{"id":1347,"date":"2018-01-26T15:54:38","date_gmt":"2018-01-26T18:54:38","guid":{"rendered":"http:\/\/www.profiautos.com.br\/novosite\/?post_type=product&#038;p=1347"},"modified":"2020-08-19T09:20:19","modified_gmt":"2020-08-19T12:20:19","slug":"gerador-de-acetileno","status":"publish","type":"product","link":"https:\/\/www.profiautos.com.br\/novosite\/produto\/gerador-de-acetileno\/","title":{"rendered":"gerador de acetileno"},"content":{"rendered":"<p>PARA INFORMA\u00c7\u00d5ES DE VALORES , (85) 9 8732-1854 OU (85) 3034-1103<\/p>\n<p>&nbsp;<\/p>\n<p>Muito simples de usar<\/p>\n<p>Sistema de gotejamento semi-autom\u00e1tico<\/p>\n<p>Com apenas um pouco de pedras de carbureto voce faz v\u00e1rias soldas<\/p>\n<p>Necess\u00e1rio o uso de um cilindro de oxig\u00eanio + ma\u00e7arico + regulador oxig<\/p>\n","protected":false},"excerpt":{"rendered":"<p>PARA INFORMA\u00c7\u00d5ES DE VALORES , (85) 9 8732-1854 OU (85) 3034-1103 &nbsp; Muito simples de usar Sistema de gotejamento semi-autom\u00e1tico Com apenas um pouco de pedras de carbureto voce faz v\u00e1rias soldas Necess\u00e1rio o uso de um cilindro de oxig\u00eanio + ma\u00e7arico + regulador oxig<\/p>\n","protected":false},"featured_media":1348,"template":"","meta":{"_exactmetrics_skip_tracking":false,"_exactmetrics_sitenote_active":false,"_exactmetrics_sitenote_note":"","_exactmetrics_sitenote_category":0},"product_cat":[30],"product_tag":[],"class_list":{"0":"post-1347","1":"product","2":"type-product","3":"status-publish","4":"has-post-thumbnail","6":"product_cat-ferramentas","8":"first","9":"instock","10":"taxable","11":"shipping-taxable","12":"product-type-simple"},"_links":{"self":[{"href":"https:\/\/www.profiautos.com.br\/novosite\/wp-json\/wp\/v2\/product\/1347"}],"collection":[{"href":"https:\/\/www.profiautos.com.br\/novosite\/wp-json\/wp\/v2\/product"}],"about":[{"href":"https:\/\/www.profiautos.com.br\/novosite\/wp-json\/wp\/v2\/types\/product"}],"wp:featuredmedia":[{"embeddable":true,"href":"https:\/\/www.profiautos.com.br\/novosite\/wp-json\/wp\/v2\/media\/1348"}],"wp:attachment":[{"href":"https:\/\/www.profiautos.com.br\/novosite\/wp-json\/wp\/v2\/media?parent=1347"}],"wp:term":[{"taxonomy":"product_cat","embeddable":true,"href":"https:\/\/www.profiautos.com.br\/novosite\/wp-json\/wp\/v2\/product_cat?post=1347"},{"taxonomy":"product_tag","embeddable":true,"href":"https:\/\/www.profiautos.com.br\/novosite\/wp-json\/wp\/v2\/product_tag?post=1347"}],"curies":[{"name":"wp","href":"https:\/\/api.w.org\/{rel}","templated":true}]}}