{"id":1331,"date":"2018-01-26T15:17:27","date_gmt":"2018-01-26T18:17:27","guid":{"rendered":"http:\/\/www.profiautos.com.br\/novosite\/?post_type=product&#038;p=1331"},"modified":"2020-08-18T11:30:40","modified_gmt":"2020-08-18T14:30:40","slug":"encolhedor-de-molas-felar","status":"publish","type":"product","link":"https:\/\/www.profiautos.com.br\/novosite\/produto\/encolhedor-de-molas-felar\/","title":{"rendered":"encolhedor de molas &#8211; felar"},"content":{"rendered":"<p><strong>PARA INFORMA\u00c7\u00d5ES DE VALORES , (85) 9 8732-1854 OU (85) 3034-1103<\/strong><\/p>\n<p>&nbsp;<\/p>\n<h1>&#8211; Encolhedor de molas de bancada para suspens\u00f5es tipo McPherson<br \/>\n&#8211; Possui acabamento em pintura eletrost\u00e1tica \u00e0 p\u00f3 de alta resist\u00eancia<\/h1>\n<p><strong>&#8211; Aplica\u00e7\u00e3o:<\/strong><br \/>\n:: Ve\u00edculos de passeio<\/p>\n<p><strong>&#8211; Acompanha:<br \/>\n<\/strong>:: 4 Garras de tamanhos variados para adaptar ao elo da mola<br \/>\n:: 2 Cal\u00e7os<br \/>\n:: 1 Cabo prolongador<\/p>\n","protected":false},"excerpt":{"rendered":"<p>PARA INFORMA\u00c7\u00d5ES DE VALORES , (85) 9 8732-1854 OU (85) 3034-1103 &nbsp; &#8211; Encolhedor de molas de bancada para suspens\u00f5es tipo McPherson &#8211; Possui acabamento em pintura eletrost\u00e1tica \u00e0 p\u00f3 de alta resist\u00eancia &#8211; Aplica\u00e7\u00e3o: :: Ve\u00edculos de passeio &#8211; Acompanha: :: 4 Garras de tamanhos variados para adaptar ao elo da mola :: 2 [&hellip;]<\/p>\n","protected":false},"featured_media":1332,"template":"","meta":{"_exactmetrics_skip_tracking":false,"_exactmetrics_sitenote_active":false,"_exactmetrics_sitenote_note":"","_exactmetrics_sitenote_category":0},"product_cat":[30],"product_tag":[],"class_list":{"0":"post-1331","1":"product","2":"type-product","3":"status-publish","4":"has-post-thumbnail","6":"product_cat-ferramentas","8":"first","9":"instock","10":"taxable","11":"shipping-taxable","12":"product-type-simple"},"_links":{"self":[{"href":"https:\/\/www.profiautos.com.br\/novosite\/wp-json\/wp\/v2\/product\/1331"}],"collection":[{"href":"https:\/\/www.profiautos.com.br\/novosite\/wp-json\/wp\/v2\/product"}],"about":[{"href":"https:\/\/www.profiautos.com.br\/novosite\/wp-json\/wp\/v2\/types\/product"}],"wp:featuredmedia":[{"embeddable":true,"href":"https:\/\/www.profiautos.com.br\/novosite\/wp-json\/wp\/v2\/media\/1332"}],"wp:attachment":[{"href":"https:\/\/www.profiautos.com.br\/novosite\/wp-json\/wp\/v2\/media?parent=1331"}],"wp:term":[{"taxonomy":"product_cat","embeddable":true,"href":"https:\/\/www.profiautos.com.br\/novosite\/wp-json\/wp\/v2\/product_cat?post=1331"},{"taxonomy":"product_tag","embeddable":true,"href":"https:\/\/www.profiautos.com.br\/novosite\/wp-json\/wp\/v2\/product_tag?post=1331"}],"curies":[{"name":"wp","href":"https:\/\/api.w.org\/{rel}","templated":true}]}}