{"id":1328,"date":"2018-01-26T15:10:53","date_gmt":"2018-01-26T18:10:53","guid":{"rendered":"http:\/\/www.profiautos.com.br\/novosite\/?post_type=product&#038;p=1328"},"modified":"2020-08-19T09:21:18","modified_gmt":"2020-08-19T12:21:18","slug":"conjunto-de-ferramentas-para-sincronismo-dos-motores","status":"publish","type":"product","link":"https:\/\/www.profiautos.com.br\/novosite\/produto\/conjunto-de-ferramentas-para-sincronismo-dos-motores\/","title":{"rendered":"conjunto de ferramentas para sincronismo dos motores"},"content":{"rendered":"<p>PARA INFORMA\u00c7\u00d5ES DE VALORES , (85) 9 8732-1854 OU (85) 3034-1103<\/p>\n<p>&nbsp;<\/p>\n<p>\u2022\u00a0Conjunto de ferramentas para sincronismo de motor<br \/>\n\u2022 Cont\u00e9m ferramenta para travar o volante dos motores mwm sprint<br \/>\n\u2022 Cont\u00e9m ferramenta para posicionar em pms atrav\u00e9s do volante nos motores mwm sprint no eixo do comandante de v\u00e1lvulas nos motores ngd 3.0<br \/>\n\u2022 Cont\u00e9m ferramenta para travar em pms o eixo do comando de v\u00e1lvulas dos motores mwm sprint<br \/>\n\u2022 Cont\u00e9m ferramenta para fixa\u00e7\u00e3o do ponta da bomba injetora dos motores mwm maxion hs 2.5\/2.8<br \/>\n\u2022 Cont\u00e9m ferramenta para posicionar em pms atrav\u00e9s do volante dos motores mwm maxion HS 2.5\/2.8 e ngd 3.0<br \/>\n\u2022 Ferramentas de \u00f3tima qualidade<br \/>\n\u2022 Produto acompanha maleta para guardar ou transportar ferramentas<\/p>\n","protected":false},"excerpt":{"rendered":"<p>PARA INFORMA\u00c7\u00d5ES DE VALORES , (85) 9 8732-1854 OU (85) 3034-1103 &nbsp; \u2022\u00a0Conjunto de ferramentas para sincronismo de motor \u2022 Cont\u00e9m ferramenta para travar o volante dos motores mwm sprint \u2022 Cont\u00e9m ferramenta para posicionar em pms atrav\u00e9s do volante nos motores mwm sprint no eixo do comandante de v\u00e1lvulas nos motores ngd 3.0 \u2022 [&hellip;]<\/p>\n","protected":false},"featured_media":1329,"template":"","meta":{"_exactmetrics_skip_tracking":false,"_exactmetrics_sitenote_active":false,"_exactmetrics_sitenote_note":"","_exactmetrics_sitenote_category":0},"product_cat":[30],"product_tag":[],"class_list":{"0":"post-1328","1":"product","2":"type-product","3":"status-publish","4":"has-post-thumbnail","6":"product_cat-ferramentas","8":"first","9":"instock","10":"taxable","11":"shipping-taxable","12":"product-type-simple"},"_links":{"self":[{"href":"https:\/\/www.profiautos.com.br\/novosite\/wp-json\/wp\/v2\/product\/1328"}],"collection":[{"href":"https:\/\/www.profiautos.com.br\/novosite\/wp-json\/wp\/v2\/product"}],"about":[{"href":"https:\/\/www.profiautos.com.br\/novosite\/wp-json\/wp\/v2\/types\/product"}],"wp:featuredmedia":[{"embeddable":true,"href":"https:\/\/www.profiautos.com.br\/novosite\/wp-json\/wp\/v2\/media\/1329"}],"wp:attachment":[{"href":"https:\/\/www.profiautos.com.br\/novosite\/wp-json\/wp\/v2\/media?parent=1328"}],"wp:term":[{"taxonomy":"product_cat","embeddable":true,"href":"https:\/\/www.profiautos.com.br\/novosite\/wp-json\/wp\/v2\/product_cat?post=1328"},{"taxonomy":"product_tag","embeddable":true,"href":"https:\/\/www.profiautos.com.br\/novosite\/wp-json\/wp\/v2\/product_tag?post=1328"}],"curies":[{"name":"wp","href":"https:\/\/api.w.org\/{rel}","templated":true}]}}