{"id":1325,"date":"2018-01-26T15:05:30","date_gmt":"2018-01-26T18:05:30","guid":{"rendered":"http:\/\/www.profiautos.com.br\/novosite\/?post_type=product&#038;p=1325"},"modified":"2020-08-19T09:21:25","modified_gmt":"2020-08-19T12:21:25","slug":"alicate-expansor-para-ameis-de-pistao","status":"publish","type":"product","link":"https:\/\/www.profiautos.com.br\/novosite\/produto\/alicate-expansor-para-ameis-de-pistao\/","title":{"rendered":"alicate expansor para ameis de pist\u00e3o"},"content":{"rendered":"<p>PARA INFORMA\u00c7\u00d5ES DE VALORES , (85) 9 8732-1854 OU (85) 3034-1103<\/p>\n<p>&nbsp;<\/p>\n<p>\u2022\u00a0Alicate expansor para an\u00e9is de pist\u00e3o.<br \/>\n\u2022\u00a0Tamb\u00e9m chamados de an\u00e9is de segmento, s\u00e3o montados no sulcos ao redor do pist\u00e3o.<br \/>\n\u2022 Capacidade: 50~100 mm.<br \/>\n\u2022 Marca:\u00a0<strong>KINGTONY<\/strong><\/p>\n","protected":false},"excerpt":{"rendered":"<p>PARA INFORMA\u00c7\u00d5ES DE VALORES , (85) 9 8732-1854 OU (85) 3034-1103 &nbsp; \u2022\u00a0Alicate expansor para an\u00e9is de pist\u00e3o. \u2022\u00a0Tamb\u00e9m chamados de an\u00e9is de segmento, s\u00e3o montados no sulcos ao redor do pist\u00e3o. \u2022 Capacidade: 50~100 mm. \u2022 Marca:\u00a0KINGTONY<\/p>\n","protected":false},"featured_media":1326,"template":"","meta":{"_exactmetrics_skip_tracking":false,"_exactmetrics_sitenote_active":false,"_exactmetrics_sitenote_note":"","_exactmetrics_sitenote_category":0},"product_cat":[30],"product_tag":[],"class_list":{"0":"post-1325","1":"product","2":"type-product","3":"status-publish","4":"has-post-thumbnail","6":"product_cat-ferramentas","8":"first","9":"instock","10":"taxable","11":"shipping-taxable","12":"product-type-simple"},"_links":{"self":[{"href":"https:\/\/www.profiautos.com.br\/novosite\/wp-json\/wp\/v2\/product\/1325"}],"collection":[{"href":"https:\/\/www.profiautos.com.br\/novosite\/wp-json\/wp\/v2\/product"}],"about":[{"href":"https:\/\/www.profiautos.com.br\/novosite\/wp-json\/wp\/v2\/types\/product"}],"wp:featuredmedia":[{"embeddable":true,"href":"https:\/\/www.profiautos.com.br\/novosite\/wp-json\/wp\/v2\/media\/1326"}],"wp:attachment":[{"href":"https:\/\/www.profiautos.com.br\/novosite\/wp-json\/wp\/v2\/media?parent=1325"}],"wp:term":[{"taxonomy":"product_cat","embeddable":true,"href":"https:\/\/www.profiautos.com.br\/novosite\/wp-json\/wp\/v2\/product_cat?post=1325"},{"taxonomy":"product_tag","embeddable":true,"href":"https:\/\/www.profiautos.com.br\/novosite\/wp-json\/wp\/v2\/product_tag?post=1325"}],"curies":[{"name":"wp","href":"https:\/\/api.w.org\/{rel}","templated":true}]}}