{"id":1309,"date":"2018-01-22T17:30:12","date_gmt":"2018-01-22T20:30:12","guid":{"rendered":"http:\/\/www.profiautos.com.br\/novosite\/?post_type=product&#038;p=1309"},"modified":"2020-08-19T09:21:49","modified_gmt":"2020-08-19T12:21:49","slug":"ferramenta-p-correias-poly-v-elastica-univ-raven-101014","status":"publish","type":"product","link":"https:\/\/www.profiautos.com.br\/novosite\/produto\/ferramenta-p-correias-poly-v-elastica-univ-raven-101014\/","title":{"rendered":"Ferramenta P\/ Correias Poly-v El\u00e1stica Univ. Raven-101014"},"content":{"rendered":"<p>PARA INFORMA\u00c7\u00d5ES DE VALORES , (85) 9 8732-1854 OU (85) 3034-1103<\/p>\n<p>&nbsp;<\/p>\n<p>&#8211; Ferramenta para remover e instalar correias poly-v el\u00e1sticas (que n\u00e3o usam tensionador) de motores modernos<br \/>\n&#8211; Exemplos: VW EA 111 VHT, Ford Sigma e GM Ecotec 1.6\/1.8<br \/>\n&#8211; Fabricado em pl\u00e1stico refor\u00e7ado<\/p>\n","protected":false},"excerpt":{"rendered":"<p>PARA INFORMA\u00c7\u00d5ES DE VALORES , (85) 9 8732-1854 OU (85) 3034-1103 &nbsp; &#8211; Ferramenta para remover e instalar correias poly-v el\u00e1sticas (que n\u00e3o usam tensionador) de motores modernos &#8211; Exemplos: VW EA 111 VHT, Ford Sigma e GM Ecotec 1.6\/1.8 &#8211; Fabricado em pl\u00e1stico refor\u00e7ado<\/p>\n","protected":false},"featured_media":1310,"template":"","meta":{"_exactmetrics_skip_tracking":false,"_exactmetrics_sitenote_active":false,"_exactmetrics_sitenote_note":"","_exactmetrics_sitenote_category":0},"product_cat":[30],"product_tag":[],"class_list":{"0":"post-1309","1":"product","2":"type-product","3":"status-publish","4":"has-post-thumbnail","6":"product_cat-ferramentas","8":"first","9":"instock","10":"taxable","11":"shipping-taxable","12":"product-type-simple"},"_links":{"self":[{"href":"https:\/\/www.profiautos.com.br\/novosite\/wp-json\/wp\/v2\/product\/1309"}],"collection":[{"href":"https:\/\/www.profiautos.com.br\/novosite\/wp-json\/wp\/v2\/product"}],"about":[{"href":"https:\/\/www.profiautos.com.br\/novosite\/wp-json\/wp\/v2\/types\/product"}],"wp:featuredmedia":[{"embeddable":true,"href":"https:\/\/www.profiautos.com.br\/novosite\/wp-json\/wp\/v2\/media\/1310"}],"wp:attachment":[{"href":"https:\/\/www.profiautos.com.br\/novosite\/wp-json\/wp\/v2\/media?parent=1309"}],"wp:term":[{"taxonomy":"product_cat","embeddable":true,"href":"https:\/\/www.profiautos.com.br\/novosite\/wp-json\/wp\/v2\/product_cat?post=1309"},{"taxonomy":"product_tag","embeddable":true,"href":"https:\/\/www.profiautos.com.br\/novosite\/wp-json\/wp\/v2\/product_tag?post=1309"}],"curies":[{"name":"wp","href":"https:\/\/api.w.org\/{rel}","templated":true}]}}