{"id":1156,"date":"2017-10-09T20:38:49","date_gmt":"2017-10-09T23:38:49","guid":{"rendered":"http:\/\/www.profiautos.com.br\/novosite\/?post_type=product&#038;p=1156"},"modified":"2018-11-05T13:28:25","modified_gmt":"2018-11-05T16:28:25","slug":"cake-design-i-aprendendo-a-confeitar","status":"publish","type":"product","link":"https:\/\/www.profiautos.com.br\/novosite\/produto\/cake-design-i-aprendendo-a-confeitar\/","title":{"rendered":"CAKE DESIGN I &#8211; APRENDENDO A CONFEITAR"},"content":{"rendered":"<p>Conte\u00fado Program\u00e1tico:<\/p>\n<ul>\n<li><strong>AULA 1: PRINC\u00cdPIOS ESSENCIAIS DA CONFEITARIA.<\/strong><br \/>\nReceitas de massa, recheios e coberturas; t\u00e9cnicas de preparo, montagem de<br \/>\nbolo no aro de confeitar; como trabalhar com o glac\u00ea m\u00e1rmore e glac\u00ea real.<br \/>\nAula te\u00f3rica<\/li>\n<li><strong>AULA 2: CONFEITANDO COM BICOS.<\/strong><br \/>\nCriando trabalhos com bicos: pitangas, linhas curvas, zigue-zague, conchas,<br \/>\ncontornos, po\u00e1s, folhas e flores com bico russo. Ao t\u00e9rmino da aula o aluno<br \/>\nter\u00e1 criado um lind\u00edssimo bolo com as t\u00e9cnicas aprendidas.<\/li>\n<li><strong>AULA 3: FLOR DE PAPEL COMEST\u00cdVEL E BRUSH EMBROIDERY (BORDADO<\/strong><br \/>\n<strong>EM GLAC\u00ca).<\/strong><br \/>\nUma aula incr\u00edvel onde ser\u00e3o ensinados: bordados em glac\u00ea e t\u00e9cnicas<br \/>\ninovadoras para a confec\u00e7\u00e3o de flores e estampas com o famoso papel<br \/>\ncomest\u00edvel. Al\u00e9m disso, o aluno tamb\u00e9m aprender\u00e1 a fazer flores instant\u00e2neas,<br \/>\ngramas e acabamentos em gotas de glac\u00ea real.<\/li>\n<li><strong>AULA 4: URSINHA BAILARINA E BABADOS COM BICOS.<\/strong><br \/>\nUm lindo bolo todo decorado com glac\u00ea real! Aprendendo a fazer conchas,<br \/>\nacabamentos em espirais, babados e a ursinha, tudo com o acompanhamento<br \/>\ndas instrutoras Celebrate, os alunos ter\u00e3o ao final da aula um alegre e<br \/>\nencantador bolo com uma ursinha bailarina!<\/li>\n<li><strong>AULA 5: CONFEITANDO COM PASTA DE GOMA.<\/strong><br \/>\nSeguindo a tend\u00eancia do mercado e a aceita\u00e7\u00e3o nacional, o aluno aprender\u00e1<br \/>\na usar o aplique f\u00e1cil, fazer la\u00e7os, rosas, folhas e acabamentos em pasta de<br \/>\ngoma que poder\u00e3o ser aplicadas em bolos de casamento e 15 anos. Todos se<br \/>\nencantar\u00e3o com o charmoso bolo criado ao final da aula.<\/li>\n<\/ul>\n<p><strong>Obs: O aluno dever\u00e1 providenciar os \u00edtens abaixo pois n\u00e3o constam no kit e s\u00e3o<\/strong><br \/>\n<strong> necess\u00e1rios para realiza\u00e7\u00e3o do curso.<\/strong><\/p>\n<ul>\n<li><strong>Bolo de isopor 20 cm (3 un)<\/strong><\/li>\n<li><strong>Pasta americana (aproximadamente 3 Kg)<\/strong><\/li>\n<li><strong>Tesoura, Avental, Touca<\/strong><\/li>\n<li><strong>Rolo grande para abrir pasta<\/strong><\/li>\n<\/ul>\n<p><strong>Dura\u00e7\u00e3o:<\/strong>\u00a01 semana. (15 hrs)<\/p>\n<p><strong>Hor\u00e1rio das aulas:<\/strong>\u00a0Segunda \u00e0 Sexta-Feira. (13:30 \u00e0s 16:30).<\/p>\n<p><strong>Incluso:<\/strong>\u00a0Material Did\u00e1tico e Kit de Produtos e Certifica\u00e7\u00e3o Pela Celebrate do Rio de Janeiro.<\/p>\n<p><strong>Formas de Pagamento:<\/strong>\u00a0A Vista ou At\u00e9 4x Sem Juros no Cart\u00e3o de Cr\u00e9dito.<\/p>\n","protected":false},"excerpt":{"rendered":"<p>Conte\u00fado Program\u00e1tico: AULA 1: PRINC\u00cdPIOS ESSENCIAIS DA CONFEITARIA. Receitas de massa, recheios e coberturas; t\u00e9cnicas de preparo, montagem de bolo no aro de confeitar; como trabalhar com o glac\u00ea m\u00e1rmore e glac\u00ea real. Aula te\u00f3rica AULA 2: CONFEITANDO COM BICOS. Criando trabalhos com bicos: pitangas, linhas curvas, zigue-zague, conchas, contornos, po\u00e1s, folhas e flores com [&hellip;]<\/p>\n","protected":false},"featured_media":1159,"template":"","meta":{"_exactmetrics_skip_tracking":false,"_exactmetrics_sitenote_active":false,"_exactmetrics_sitenote_note":"","_exactmetrics_sitenote_category":0},"product_cat":[14,9],"product_tag":[],"class_list":{"0":"post-1156","1":"product","2":"type-product","3":"status-publish","4":"has-post-thumbnail","6":"product_cat-cursos-com-matriculas-abertas","7":"product_cat-cursos-de-gastronomia","9":"first","10":"instock","11":"sale","12":"taxable","13":"shipping-taxable","14":"purchasable","15":"product-type-simple"},"_links":{"self":[{"href":"https:\/\/www.profiautos.com.br\/novosite\/wp-json\/wp\/v2\/product\/1156"}],"collection":[{"href":"https:\/\/www.profiautos.com.br\/novosite\/wp-json\/wp\/v2\/product"}],"about":[{"href":"https:\/\/www.profiautos.com.br\/novosite\/wp-json\/wp\/v2\/types\/product"}],"wp:featuredmedia":[{"embeddable":true,"href":"https:\/\/www.profiautos.com.br\/novosite\/wp-json\/wp\/v2\/media\/1159"}],"wp:attachment":[{"href":"https:\/\/www.profiautos.com.br\/novosite\/wp-json\/wp\/v2\/media?parent=1156"}],"wp:term":[{"taxonomy":"product_cat","embeddable":true,"href":"https:\/\/www.profiautos.com.br\/novosite\/wp-json\/wp\/v2\/product_cat?post=1156"},{"taxonomy":"product_tag","embeddable":true,"href":"https:\/\/www.profiautos.com.br\/novosite\/wp-json\/wp\/v2\/product_tag?post=1156"}],"curies":[{"name":"wp","href":"https:\/\/api.w.org\/{rel}","templated":true}]}}