{"id":1106,"date":"2022-04-04T12:00:04","date_gmt":"2022-04-04T15:00:04","guid":{"rendered":"http:\/\/www.profiautos.com.br\/novosite\/?post_type=product&#038;p=1106"},"modified":"2022-07-20T08:40:13","modified_gmt":"2022-07-20T11:40:13","slug":"motor-cb300-cilindradas","status":"publish","type":"product","link":"https:\/\/www.profiautos.com.br\/novosite\/produto\/motor-cb300-cilindradas\/","title":{"rendered":"MOTOR CB 300cc"},"content":{"rendered":"<p><strong>MOTOR CB 300cc<\/strong><\/p>\n<p><strong>Conte\u00fado Program\u00e1tico<\/strong>:<\/p>\n<ul>\n<li>Sele\u00e7\u00e3o de Planilhas;<\/li>\n<li>Transmiss\u00e3o;<\/li>\n<li>\u00c1rvore Prim\u00e1ria;<\/li>\n<li>\u00c1rvore Secund\u00e1ria.<\/li>\n<\/ul>\n<p><strong>DURA\u00c7\u00c3O: <\/strong>1\u00a0semana (10 horas);<\/p>\n<p><strong>DATA: <\/strong>\u00a0(Forma\u00e7\u00e3o);<\/p>\n<p><strong>HOR\u00c1RIO DAS AULAS: <\/strong>Segunda-feira \u00e0 Quinta-feira (19:00 \u00e0s 21:30);<\/p>\n<p><strong>INCLUSO:\u00a0<\/strong>Material did\u00e1tico e Certificado de participa\u00e7\u00e3o;<\/p>\n<p><strong>FORMAS DE PAGAMENTO: <\/strong>A vista ou em at\u00e9 3x sem juros no Cart\u00e3o de Cr\u00e9dito.<\/p>\n","protected":false},"excerpt":{"rendered":"<p>MOTOR CB 300cc Conte\u00fado Program\u00e1tico: Sele\u00e7\u00e3o de Planilhas; Transmiss\u00e3o; \u00c1rvore Prim\u00e1ria; \u00c1rvore Secund\u00e1ria. DURA\u00c7\u00c3O: 1\u00a0semana (10 horas); DATA: \u00a0(Forma\u00e7\u00e3o); HOR\u00c1RIO DAS AULAS: Segunda-feira \u00e0 Quinta-feira (19:00 \u00e0s 21:30); INCLUSO:\u00a0Material did\u00e1tico e Certificado de participa\u00e7\u00e3o; FORMAS DE PAGAMENTO: A vista ou em at\u00e9 3x sem juros no Cart\u00e3o de Cr\u00e9dito.<\/p>\n","protected":false},"featured_media":1107,"template":"","meta":{"_exactmetrics_skip_tracking":false,"_exactmetrics_sitenote_active":false,"_exactmetrics_sitenote_note":"","_exactmetrics_sitenote_category":0},"product_cat":[14,10],"product_tag":[],"class_list":{"0":"post-1106","1":"product","2":"type-product","3":"status-publish","4":"has-post-thumbnail","6":"product_cat-cursos-com-matriculas-abertas","7":"product_cat-cursos-de-motocicletas","9":"first","10":"instock","11":"taxable","12":"shipping-taxable","13":"purchasable","14":"product-type-simple"},"_links":{"self":[{"href":"https:\/\/www.profiautos.com.br\/novosite\/wp-json\/wp\/v2\/product\/1106"}],"collection":[{"href":"https:\/\/www.profiautos.com.br\/novosite\/wp-json\/wp\/v2\/product"}],"about":[{"href":"https:\/\/www.profiautos.com.br\/novosite\/wp-json\/wp\/v2\/types\/product"}],"wp:featuredmedia":[{"embeddable":true,"href":"https:\/\/www.profiautos.com.br\/novosite\/wp-json\/wp\/v2\/media\/1107"}],"wp:attachment":[{"href":"https:\/\/www.profiautos.com.br\/novosite\/wp-json\/wp\/v2\/media?parent=1106"}],"wp:term":[{"taxonomy":"product_cat","embeddable":true,"href":"https:\/\/www.profiautos.com.br\/novosite\/wp-json\/wp\/v2\/product_cat?post=1106"},{"taxonomy":"product_tag","embeddable":true,"href":"https:\/\/www.profiautos.com.br\/novosite\/wp-json\/wp\/v2\/product_tag?post=1106"}],"curies":[{"name":"wp","href":"https:\/\/api.w.org\/{rel}","templated":true}]}}