{"id":1101,"date":"2022-04-04T13:00:29","date_gmt":"2022-04-04T16:00:29","guid":{"rendered":"http:\/\/www.profiautos.com.br\/novosite\/?post_type=product&#038;p=1101"},"modified":"2023-11-08T15:52:54","modified_gmt":"2023-11-08T18:52:54","slug":"dignostico-de-injecao-avancada","status":"publish","type":"product","link":"https:\/\/www.profiautos.com.br\/novosite\/produto\/dignostico-de-injecao-avancada\/","title":{"rendered":"DIAGN\u00d3STICO DE INJE\u00c7\u00c3O AVAN\u00c7ADA"},"content":{"rendered":"<p><strong>DIAGN\u00d3STICO DE INJE\u00c7\u00c3O AVAN\u00c7ADA<\/strong><\/p>\n<p><strong>Objetivo:<\/strong> Capacitar jovens e adultos a executarem servi\u00e7os assim como analisar, diagnosticar e solucionar problemas no sistema de inje\u00e7\u00e3o eletr\u00f4nica.<\/p>\n<p><strong>CONTE\u00daDO PROGRAM\u00c1TICO:<\/strong><\/p>\n<ul>\n<li>Fatores que incentivaram a Cria\u00e7\u00e3o do Ve\u00edculo Flex no Brasil;<\/li>\n<li>Caracter\u00edsticas do Etanol e Gasolina;<\/li>\n<li>Altera\u00e7\u00f5es F\u00edsicas do Motor;<\/li>\n<li>Aprendizado do Combust\u00edvel;<\/li>\n<li>An\u00e1lise do Combust\u00edvel;<\/li>\n<li>An\u00e1lise dos Componentes do Sistema Flex;<\/li>\n<li>Acelerador Eletr\u00f4nico \u2013 Drive By Wire (Parte 1) 12\/2000;<\/li>\n<li>Como Vantagens do Sistema Eletr\u00f4nico de Controle da Acelera\u00e7\u00e3o do Motor podem ser citadas;<\/li>\n<li>Teste do Motor do Acelerador;<\/li>\n<li>Teste de Alimenta\u00e7\u00e3o do Motor do Acelerador;<\/li>\n<li>Dire\u00e7\u00e3o El\u00e9trica e Sensor de Estacionamento 08\/2003;<\/li>\n<li>Sensor Crepuscular.<\/li>\n<\/ul>\n<p>&nbsp;<\/p>\n<p><strong>Dura\u00e7\u00e3o: <\/strong>1 semana (10 hrs);<\/p>\n<p><strong>In\u00edcio:<\/strong>\u00a0(Forma\u00e7\u00e3o);<\/p>\n<p><strong>Hor\u00e1rio das aulas:<\/strong> Segunda-feira \u00e0 Quinta-feira (19:00 \u00e0s 21:30);<\/p>\n<p><strong>Incluso:<\/strong> Material Did\u00e1tico e Certificado de Participa\u00e7\u00e3o;<\/p>\n<p><strong>Formas de Pagamento: <\/strong>A vista ou at\u00e9 3x sem juros no Cart\u00e3o de Cr\u00e9dito.<\/p>\n","protected":false},"excerpt":{"rendered":"<p>DIAGN\u00d3STICO DE INJE\u00c7\u00c3O AVAN\u00c7ADA Objetivo: Capacitar jovens e adultos a executarem servi\u00e7os assim como analisar, diagnosticar e solucionar problemas no sistema de inje\u00e7\u00e3o eletr\u00f4nica. CONTE\u00daDO PROGRAM\u00c1TICO: Fatores que incentivaram a Cria\u00e7\u00e3o do Ve\u00edculo Flex no Brasil; Caracter\u00edsticas do Etanol e Gasolina; Altera\u00e7\u00f5es F\u00edsicas do Motor; Aprendizado do Combust\u00edvel; An\u00e1lise do Combust\u00edvel; An\u00e1lise dos Componentes do [&hellip;]<\/p>\n","protected":false},"featured_media":3472,"template":"","meta":{"_exactmetrics_skip_tracking":false,"_exactmetrics_sitenote_active":false,"_exactmetrics_sitenote_note":"","_exactmetrics_sitenote_category":0},"product_cat":[8,14],"product_tag":[],"class_list":{"0":"post-1101","1":"product","2":"type-product","3":"status-publish","4":"has-post-thumbnail","6":"product_cat-cursos-automotivos","7":"product_cat-cursos-com-matriculas-abertas","9":"first","10":"instock","11":"taxable","12":"shipping-taxable","13":"purchasable","14":"product-type-simple"},"_links":{"self":[{"href":"https:\/\/www.profiautos.com.br\/novosite\/wp-json\/wp\/v2\/product\/1101"}],"collection":[{"href":"https:\/\/www.profiautos.com.br\/novosite\/wp-json\/wp\/v2\/product"}],"about":[{"href":"https:\/\/www.profiautos.com.br\/novosite\/wp-json\/wp\/v2\/types\/product"}],"wp:featuredmedia":[{"embeddable":true,"href":"https:\/\/www.profiautos.com.br\/novosite\/wp-json\/wp\/v2\/media\/3472"}],"wp:attachment":[{"href":"https:\/\/www.profiautos.com.br\/novosite\/wp-json\/wp\/v2\/media?parent=1101"}],"wp:term":[{"taxonomy":"product_cat","embeddable":true,"href":"https:\/\/www.profiautos.com.br\/novosite\/wp-json\/wp\/v2\/product_cat?post=1101"},{"taxonomy":"product_tag","embeddable":true,"href":"https:\/\/www.profiautos.com.br\/novosite\/wp-json\/wp\/v2\/product_tag?post=1101"}],"curies":[{"name":"wp","href":"https:\/\/api.w.org\/{rel}","templated":true}]}}