{"id":1092,"date":"2022-03-11T13:00:35","date_gmt":"2022-03-11T16:00:35","guid":{"rendered":"http:\/\/www.profiautos.com.br\/novosite\/?post_type=product&#038;p=1092"},"modified":"2022-03-11T13:22:59","modified_gmt":"2022-03-11T16:22:59","slug":"confeitaria-para-iniciantes","status":"publish","type":"product","link":"https:\/\/www.profiautos.com.br\/novosite\/produto\/confeitaria-para-iniciantes\/","title":{"rendered":"CONFEITARIA PARA INICIANTES"},"content":{"rendered":"<p><strong>CONFEITARIA PARA INICIANTES<\/strong><\/p>\n<p><strong>Objetivo:<\/strong> Capacitar amadores ou profissionais na \u00e1rea de confeitaria podendo atuar como microempreendedor individual ou prestar servi\u00e7o a empresas no ramo.<\/p>\n<p><strong>CONTE\u00daDO PROGRAM\u00c1TICO:<\/strong><\/p>\n<p>1 \u2013 Introdu\u00e7\u00e3o \u00e0s boas praticas de fabrica\u00e7\u00e3o de alimentos;<\/p>\n<p>2 \u2013 Introdu\u00e7\u00e3o em equipamentos e acess\u00f3rios utilizados na confeitaria;<\/p>\n<p>3 \u2013 Bases da confeitaria:<\/p>\n<p>\u2013 Massas;<br \/>\n\u2013 Recheios;<br \/>\n\u2013 Glac\u00eas;<br \/>\n\u2013 Caldas;<br \/>\n\u2013 Introdu\u00e7\u00e3o e t\u00e9cnicas de bicos para confeitar;<br \/>\n\u2013 Massa Sucree (Massa Flora).<\/p>\n<p>4 \u2013 Elabora\u00e7\u00e3o de Cupcakes;<\/p>\n<p>5 \u2013 Introdu\u00e7\u00e3o em Tortas.<\/p>\n<p>&nbsp;<\/p>\n<p><strong>Dura\u00e7\u00e3o: <\/strong>9\u00a0horas;<\/p>\n<p><strong>Data:<\/strong>\u00a0Em forma\u00e7\u00e3o;<\/p>\n<p><strong>Per\u00edodo:<\/strong>\u00a03 dias\u00a0\u2013 (14:00 \u00e0s 17:00);<\/p>\n<p><strong>Incluso:\u00a0<\/strong>Material de Did\u00e1tico e Certificado de Participa\u00e7\u00e3o;<\/p>\n<p><strong>Formas de Pagamento<\/strong>: A vista ou em at\u00e9 3x sem juros no Cart\u00e3o de Cr\u00e9dito.<\/p>\n","protected":false},"excerpt":{"rendered":"<p>CONFEITARIA PARA INICIANTES Objetivo: Capacitar amadores ou profissionais na \u00e1rea de confeitaria podendo atuar como microempreendedor individual ou prestar servi\u00e7o a empresas no ramo. CONTE\u00daDO PROGRAM\u00c1TICO: 1 \u2013 Introdu\u00e7\u00e3o \u00e0s boas praticas de fabrica\u00e7\u00e3o de alimentos; 2 \u2013 Introdu\u00e7\u00e3o em equipamentos e acess\u00f3rios utilizados na confeitaria; 3 \u2013 Bases da confeitaria: \u2013 Massas; \u2013 Recheios; [&hellip;]<\/p>\n","protected":false},"featured_media":1017,"template":"","meta":{"_exactmetrics_skip_tracking":false,"_exactmetrics_sitenote_active":false,"_exactmetrics_sitenote_note":"","_exactmetrics_sitenote_category":0},"product_cat":[14,9],"product_tag":[],"class_list":{"0":"post-1092","1":"product","2":"type-product","3":"status-publish","4":"has-post-thumbnail","6":"product_cat-cursos-com-matriculas-abertas","7":"product_cat-cursos-de-gastronomia","9":"first","10":"instock","11":"taxable","12":"shipping-taxable","13":"purchasable","14":"product-type-simple"},"_links":{"self":[{"href":"https:\/\/www.profiautos.com.br\/novosite\/wp-json\/wp\/v2\/product\/1092"}],"collection":[{"href":"https:\/\/www.profiautos.com.br\/novosite\/wp-json\/wp\/v2\/product"}],"about":[{"href":"https:\/\/www.profiautos.com.br\/novosite\/wp-json\/wp\/v2\/types\/product"}],"wp:featuredmedia":[{"embeddable":true,"href":"https:\/\/www.profiautos.com.br\/novosite\/wp-json\/wp\/v2\/media\/1017"}],"wp:attachment":[{"href":"https:\/\/www.profiautos.com.br\/novosite\/wp-json\/wp\/v2\/media?parent=1092"}],"wp:term":[{"taxonomy":"product_cat","embeddable":true,"href":"https:\/\/www.profiautos.com.br\/novosite\/wp-json\/wp\/v2\/product_cat?post=1092"},{"taxonomy":"product_tag","embeddable":true,"href":"https:\/\/www.profiautos.com.br\/novosite\/wp-json\/wp\/v2\/product_tag?post=1092"}],"curies":[{"name":"wp","href":"https:\/\/api.w.org\/{rel}","templated":true}]}}