{"id":1084,"date":"2022-04-04T13:00:42","date_gmt":"2022-04-04T16:00:42","guid":{"rendered":"http:\/\/www.profiautos.com.br\/novosite\/?post_type=product&#038;p=1084"},"modified":"2026-04-01T13:55:42","modified_gmt":"2026-04-01T16:55:42","slug":"pintura-automotiva-2","status":"publish","type":"product","link":"https:\/\/www.profiautos.com.br\/novosite\/produto\/pintura-automotiva-2\/","title":{"rendered":"PINTURA AUTOMOTIVA"},"content":{"rendered":"<p class=\"western\" align=\"justify\"><b>PINTURA AUTOMOTIVA<\/b><\/p>\n<p class=\"western\" align=\"justify\"><b>Objetivo:\u00a0<\/b>Capacitar profissionais do setor de repara\u00e7\u00e3o, pintura, recupera\u00e7\u00e3o automotiva para realizarem restaura\u00e7\u00e3o de pe\u00e7as do autom\u00f3vel.<\/p>\n<p class=\"western\" align=\"justify\"><b>Conte\u00fado Program\u00e1tico:<\/b><\/p>\n<ul>\n<li>Prepara\u00e7\u00e3o do ambiente de trabalho;<\/li>\n<li>Produtos utilizados no processo de repintura;<\/li>\n<li>Prepara\u00e7\u00e3o do ve\u00edculo e das pe\u00e7as que receber\u00e3o a aplica\u00e7\u00e3o da tinta automotiva;<\/li>\n<li>Como realizar a pintura de fundo;<\/li>\n<li>Fun\u00e7\u00e3o, aplica\u00e7\u00e3o e cuidados no uso da Tinta \u00e1 base d\u2019\u00e1gua;<\/li>\n<li>Fun\u00e7\u00e3o, aplica\u00e7\u00e3o e cuidados no uso da Tinta \u00e1 base de solvente;<\/li>\n<li>Fun\u00e7\u00e3o, aplica\u00e7\u00e3o e cuidados no uso do Verniz;<\/li>\n<li>Procedimento adequado e produtos utilizados para garantir a quantidade do polimento e da cristaliza\u00e7\u00e3o;<\/li>\n<li>Como identificar e corrigir os defeitos de pintura;<\/li>\n<li>T\u00e9cnica para acerto de cor: Prepara\u00e7\u00e3o e aplica\u00e7\u00e3o;<\/li>\n<li>Como realizar pequenos retoques;<\/li>\n<li>Cuidados necess\u00e1rios para o procedimento de pintura em pe\u00e7as met\u00e1licas;<\/li>\n<li>Dicas: equipamentos de pintura, cuidados e manuten\u00e7\u00e3o.<\/li>\n<\/ul>\n<p><b> Dura\u00e7\u00e3o:\u00a0<\/b> 2 Semanas (20 hrs);<\/p>\n<p class=\"western\" align=\"justify\"><b>Hor\u00e1rio das aulas:<\/b> S\u00e1bado (08:00 \u00e0s 13:00);<\/p>\n<p class=\"western\" align=\"justify\"><strong>Per\u00edodo:<\/strong> 13\/09\/2025(Previs\u00e3o);<\/p>\n<p class=\"western\" align=\"justify\"><b>Incluso:<\/b>\u00a0Material Did\u00e1tico e Certificado de Participa\u00e7\u00e3o;<\/p>\n<p class=\"western\" align=\"justify\"><b>Formas de Pagamento:<\/b>\u00a0A vista ou at\u00e9 3x sem juros no Cart\u00e3o de Cr\u00e9dito.<\/p>\n","protected":false},"excerpt":{"rendered":"<p>PINTURA AUTOMOTIVA Objetivo:\u00a0Capacitar profissionais do setor de repara\u00e7\u00e3o, pintura, recupera\u00e7\u00e3o automotiva para realizarem restaura\u00e7\u00e3o de pe\u00e7as do autom\u00f3vel. Conte\u00fado Program\u00e1tico: Prepara\u00e7\u00e3o do ambiente de trabalho; Produtos utilizados no processo de repintura; Prepara\u00e7\u00e3o do ve\u00edculo e das pe\u00e7as que receber\u00e3o a aplica\u00e7\u00e3o da tinta automotiva; Como realizar a pintura de fundo; Fun\u00e7\u00e3o, aplica\u00e7\u00e3o e cuidados no [&hellip;]<\/p>\n","protected":false},"featured_media":3443,"template":"","meta":{"_exactmetrics_skip_tracking":false,"_exactmetrics_sitenote_active":false,"_exactmetrics_sitenote_note":"","_exactmetrics_sitenote_category":0},"product_cat":[8,14],"product_tag":[],"class_list":{"0":"post-1084","1":"product","2":"type-product","3":"status-publish","4":"has-post-thumbnail","6":"product_cat-cursos-automotivos","7":"product_cat-cursos-com-matriculas-abertas","9":"first","10":"instock","11":"taxable","12":"shipping-taxable","13":"purchasable","14":"product-type-simple"},"_links":{"self":[{"href":"https:\/\/www.profiautos.com.br\/novosite\/wp-json\/wp\/v2\/product\/1084"}],"collection":[{"href":"https:\/\/www.profiautos.com.br\/novosite\/wp-json\/wp\/v2\/product"}],"about":[{"href":"https:\/\/www.profiautos.com.br\/novosite\/wp-json\/wp\/v2\/types\/product"}],"wp:featuredmedia":[{"embeddable":true,"href":"https:\/\/www.profiautos.com.br\/novosite\/wp-json\/wp\/v2\/media\/3443"}],"wp:attachment":[{"href":"https:\/\/www.profiautos.com.br\/novosite\/wp-json\/wp\/v2\/media?parent=1084"}],"wp:term":[{"taxonomy":"product_cat","embeddable":true,"href":"https:\/\/www.profiautos.com.br\/novosite\/wp-json\/wp\/v2\/product_cat?post=1084"},{"taxonomy":"product_tag","embeddable":true,"href":"https:\/\/www.profiautos.com.br\/novosite\/wp-json\/wp\/v2\/product_tag?post=1084"}],"curies":[{"name":"wp","href":"https:\/\/api.w.org\/{rel}","templated":true}]}}