{"id":709,"date":"2017-04-28T09:12:17","date_gmt":"2017-04-28T12:12:17","guid":{"rendered":"http:\/\/www.profiautos.com.br\/novosite\/?page_id=709"},"modified":"2017-11-21T13:29:09","modified_gmt":"2017-11-21T16:29:09","slug":"termos-e-condicoes","status":"publish","type":"page","link":"https:\/\/www.profiautos.com.br\/novosite\/termos-e-condicoes\/","title":{"rendered":"Termos e Condi\u00e7\u00f5es"},"content":{"rendered":"<h2><strong>Cl\u00e1usulas Contratuais<\/strong><\/h2>\n<p>1 &#8211; N\u00e3o nos responsabilizamos por objetos deixados, perdidos ou roubados nas depend\u00eancias ou aos redores da escola.<\/p>\n<p>2 &#8211; O curso encaminha o aluno para est\u00e1gio remunerado ou n\u00e3o, n\u00e3o garantido que o mesmo permane\u00e7a no est\u00e1gio.<\/p>\n<p>3 &#8211; O per\u00edodo de inicio do curso poder\u00e1 ser adiado caso n\u00e3o haja forma\u00e7\u00e3o de turma.<\/p>\n<p>4 &#8211; Fica a escola respons\u00e1vel em passar o conte\u00fado do cronograma assim como obedecer a carga hor\u00e1ria do mesmo.<\/p>\n<p>5 &#8211; Em caso de desist\u00eancia ou aus\u00eancia do aluno ao treinamento n\u00e3o haver\u00e1 devolu\u00e7\u00e3o de valores.<\/p>\n","protected":false},"excerpt":{"rendered":"<p>Cl\u00e1usulas Contratuais 1 &#8211; N\u00e3o nos responsabilizamos por objetos deixados, perdidos ou roubados nas depend\u00eancias ou aos redores da escola. 2 &#8211; O curso encaminha o aluno para est\u00e1gio remunerado ou n\u00e3o, n\u00e3o garantido que o mesmo permane\u00e7a no est\u00e1gio. 3 &#8211; O per\u00edodo de inicio do curso poder\u00e1 ser adiado caso n\u00e3o haja forma\u00e7\u00e3o [&hellip;]<\/p>\n","protected":false},"author":3,"featured_media":0,"parent":0,"menu_order":0,"comment_status":"closed","ping_status":"closed","template":"","meta":{"_exactmetrics_skip_tracking":false,"_exactmetrics_sitenote_active":false,"_exactmetrics_sitenote_note":"","_exactmetrics_sitenote_category":0,"footnotes":""},"class_list":["post-709","page","type-page","status-publish","hentry"],"_links":{"self":[{"href":"https:\/\/www.profiautos.com.br\/novosite\/wp-json\/wp\/v2\/pages\/709"}],"collection":[{"href":"https:\/\/www.profiautos.com.br\/novosite\/wp-json\/wp\/v2\/pages"}],"about":[{"href":"https:\/\/www.profiautos.com.br\/novosite\/wp-json\/wp\/v2\/types\/page"}],"author":[{"embeddable":true,"href":"https:\/\/www.profiautos.com.br\/novosite\/wp-json\/wp\/v2\/users\/3"}],"replies":[{"embeddable":true,"href":"https:\/\/www.profiautos.com.br\/novosite\/wp-json\/wp\/v2\/comments?post=709"}],"version-history":[{"count":2,"href":"https:\/\/www.profiautos.com.br\/novosite\/wp-json\/wp\/v2\/pages\/709\/revisions"}],"predecessor-version":[{"id":1204,"href":"https:\/\/www.profiautos.com.br\/novosite\/wp-json\/wp\/v2\/pages\/709\/revisions\/1204"}],"wp:attachment":[{"href":"https:\/\/www.profiautos.com.br\/novosite\/wp-json\/wp\/v2\/media?parent=709"}],"curies":[{"name":"wp","href":"https:\/\/api.w.org\/{rel}","templated":true}]}}