{"id":529,"date":"2017-04-01T20:17:16","date_gmt":"2017-04-01T23:17:16","guid":{"rendered":"http:\/\/www.profiautos.com.br\/novosite\/?page_id=529"},"modified":"2017-11-21T13:29:11","modified_gmt":"2017-11-21T16:29:11","slug":"institucional","status":"publish","type":"page","link":"https:\/\/www.profiautos.com.br\/novosite\/institucional\/","title":{"rendered":"Institucional"},"content":{"rendered":"<div class=\"wpb-content-wrapper\"><p>[vc_row][vc_column]<aside class=\"banner  type4 parallax_bg\" style=\"border-color:; min-height:0px; background: transparent url(); padding:0px;\"  data-parallax-speed=\"1\"><div class=\"divcontent\"><img loading=\"lazy\" decoding=\"async\" class=\"aligncenter size-full wp-image-542\" src=\"https:\/\/www.profiautos.com.br\/novosite\/wp-content\/uploads\/2017\/04\/banner.png\" alt=\"\" width=\"1170\" height=\"246\" \/><\/div><div class=\"divstyle\" style=\"border-color:;\"><\/div><\/aside>[\/vc_column][\/vc_row][vc_row][vc_column][vc_column_text css_animation=&#8221;bottom-to-top&#8221; css=&#8221;.vc_custom_1491138972132{margin-top: 40px !important;}&#8221;]<\/p>\n<h2>Profiautos<\/h2>\n<p style=\"text-align: justify;\">Constitu\u00edda em 2000, no munic\u00edpio de Fortaleza, a Profiautos vem trabalhando ao longo destes anos visando possibilitar aos seus clientes as melhores condi\u00e7\u00f5es em manuten\u00e7\u00e3o automotiva preventiva e corretiva, aplicando tecnologia de ponta, permitindo aos clientes a seguran\u00e7a necess\u00e1ria no uso de seus ve\u00edculos, al\u00e9m do abastecimento do mercado reparador de ve\u00edculos no que tange ao fornecimento de ferramentas para inje\u00e7\u00e3o eletr\u00f4nica e mec\u00e2nica em geral. O desafio representado pela evolu\u00e7\u00e3o tecnol\u00f3gica dos autom\u00f3veis trouxe no seu bojo a crescente necessidade de atualiza\u00e7\u00e3o t\u00e9cnica e de qualifica\u00e7\u00e3o para a Profiautos e demais lojas do setor, que se prop\u00f4s a treinar jovens e adultos do segmento ou n\u00e3o.<\/p>\n<p>[\/vc_column_text][\/vc_column][\/vc_row][vc_row][vc_column]<aside class=\"gap cf\" style=\"height:30px;\"><\/aside>[\/vc_column][\/vc_row][vc_row][vc_column][vc_media_grid element_width=&#8221;2&#8243; gap=&#8221;10&#8243; grid_id=&#8221;vc_gid:1491139175118-a849ec7d-57c7-10&#8243; include=&#8221;560,559,556,554,553,557&#8243;][\/vc_column][\/vc_row][vc_row][vc_column]<aside class=\"gap cf\" style=\"height:40px;\"><\/aside>[\/vc_column][\/vc_row][vc_row][vc_column][vc_column_text css_animation=&#8221;bottom-to-top&#8221;]<\/p>\n<h3>Proculin\u00e1ria<\/h3>\n<p style=\"text-align: justify;\">A Proculin\u00e1ria tem como proposta suprir as necessidades de qualifica\u00e7\u00e3o do setor de alimentos em geral proporcionando cursos com qualidade e responsabilidade, com uma excelente estrutura de salas de aula e laborat\u00f3rio de gastronomia. A proculin\u00e1ria proporciona aulas pr\u00e1ticas e de forma envolvente onde o aluno tem a oportunidade de vivenciar o assunto abordado na pr\u00e1ica. Administrada pela Empres\u00e1ria e Engenheira de Alimentos Ros\u00e2ngela Oliveira.<\/p>\n<p>[\/vc_column_text][\/vc_column][\/vc_row][vc_row][vc_column]<aside class=\"gap cf\" style=\"height:30px;\"><\/aside>[\/vc_column][\/vc_row][vc_row][vc_column][vc_media_grid gap=&#8221;10&#8243; grid_id=&#8221;vc_gid:1491139688071-a1871e12-bc01-8&#8243; include=&#8221;571,572,573&#8243;][\/vc_column][\/vc_row][vc_row][vc_column]<aside class=\"gap cf\" style=\"height:40px;\"><\/aside>[\/vc_column][\/vc_row][vc_row][vc_column][vc_column_text css_animation=&#8221;bottom-to-top&#8221;]<\/p>\n<h3>Proferramentas<\/h3>\n<p>A Proferramentas oferece uma completa linha de equipamentos para sua oficina\u00a0ou e empresa.[\/vc_column_text][\/vc_column][\/vc_row][vc_row][vc_column]<aside class=\"gap cf\" style=\"height:40px;\"><\/aside>[\/vc_column][\/vc_row]<\/p>\n<\/div>","protected":false},"excerpt":{"rendered":"<p>[vc_row][vc_column][\/vc_column][\/vc_row][vc_row][vc_column][vc_column_text css_animation=&#8221;bottom-to-top&#8221; css=&#8221;.vc_custom_1491138972132{margin-top: 40px !important;}&#8221;] Profiautos Constitu\u00edda em 2000, no munic\u00edpio de Fortaleza, a Profiautos vem trabalhando ao longo destes anos visando possibilitar aos seus clientes as melhores condi\u00e7\u00f5es em manuten\u00e7\u00e3o automotiva preventiva e corretiva, aplicando tecnologia de ponta, permitindo aos clientes a seguran\u00e7a necess\u00e1ria no uso de seus ve\u00edculos, al\u00e9m do abastecimento do mercado [&hellip;]<\/p>\n","protected":false},"author":3,"featured_media":0,"parent":0,"menu_order":0,"comment_status":"closed","ping_status":"closed","template":"","meta":{"_exactmetrics_skip_tracking":false,"_exactmetrics_sitenote_active":false,"_exactmetrics_sitenote_note":"","_exactmetrics_sitenote_category":0,"footnotes":""},"class_list":["post-529","page","type-page","status-publish","hentry"],"_links":{"self":[{"href":"https:\/\/www.profiautos.com.br\/novosite\/wp-json\/wp\/v2\/pages\/529"}],"collection":[{"href":"https:\/\/www.profiautos.com.br\/novosite\/wp-json\/wp\/v2\/pages"}],"about":[{"href":"https:\/\/www.profiautos.com.br\/novosite\/wp-json\/wp\/v2\/types\/page"}],"author":[{"embeddable":true,"href":"https:\/\/www.profiautos.com.br\/novosite\/wp-json\/wp\/v2\/users\/3"}],"replies":[{"embeddable":true,"href":"https:\/\/www.profiautos.com.br\/novosite\/wp-json\/wp\/v2\/comments?post=529"}],"version-history":[{"count":2,"href":"https:\/\/www.profiautos.com.br\/novosite\/wp-json\/wp\/v2\/pages\/529\/revisions"}],"predecessor-version":[{"id":2912,"href":"https:\/\/www.profiautos.com.br\/novosite\/wp-json\/wp\/v2\/pages\/529\/revisions\/2912"}],"wp:attachment":[{"href":"https:\/\/www.profiautos.com.br\/novosite\/wp-json\/wp\/v2\/media?parent=529"}],"curies":[{"name":"wp","href":"https:\/\/api.w.org\/{rel}","templated":true}]}}